{"id":23137,"date":"2026-04-24T15:44:50","date_gmt":"2026-04-24T14:44:50","guid":{"rendered":"https:\/\/pigeonposted.com\/?post_type=product&#038;p=23137"},"modified":"2026-04-24T15:51:24","modified_gmt":"2026-04-24T14:51:24","slug":"sondagsbrev-duva","status":"publish","type":"product","link":"https:\/\/pigeonposted.com\/sv\/product\/sunday-letter-pigeon\/","title":{"rendered":"S\u00f6ndag Brevduva"},"content":{"rendered":"<p>Ett kreativt samarbete med den inspirerande <a href=\"https:\/\/www.thesundayletterproject.com\/\" target=\"_blank\" rel=\"noopener\">S\u00f6ndagsbrevsprojekt<\/a>, som fr\u00e4mjar personlig reflektion och m\u00e4nsklig kontakt genom den mjuka ritualen att skriva brev. Vi hoppas att de h\u00e4r charmiga duvorna kommer att ge m\u00e5nga glada stunder av tyst kontemplation - ett balsam f\u00f6r sj\u00e4len och en boost f\u00f6r andan.<\/p>","protected":false},"excerpt":{"rendered":"<p>Ett kreativt samarbete med det inspirerande Sunday Letter Project, som fr\u00e4mjar korrespondens genom den mjuka ritualen att skriva brev. Vi hoppas att de h\u00e4r charmiga duvorna kommer att ge dig m\u00e5nga stunder av lugn kontemplation och kontakt.<\/p>","protected":false},"featured_media":23138,"template":"","meta":{"_acf_changed":false},"product_brand":[],"product_cat":[23],"product_tag":[],"class_list":{"0":"post-23137","1":"product","2":"type-product","3":"status-publish","4":"has-post-thumbnail","6":"product_cat-pigeons","7":"sales-flash-overlay","8":"woocommerce-text-align-center","9":"woocommerce-image-align-center","10":"do-quantity-buttons","11":"wc-has-gallery","13":"first","14":"instock","15":"taxable","16":"shipping-taxable","17":"purchasable","18":"product-type-simple"},"acf":[],"aioseo_notices":[],"jetpack_sharing_enabled":true,"_links":{"self":[{"href":"https:\/\/pigeonposted.com\/sv\/wp-json\/wp\/v2\/product\/23137","targetHints":{"allow":["GET"]}}],"collection":[{"href":"https:\/\/pigeonposted.com\/sv\/wp-json\/wp\/v2\/product"}],"about":[{"href":"https:\/\/pigeonposted.com\/sv\/wp-json\/wp\/v2\/types\/product"}],"wp:featuredmedia":[{"embeddable":true,"href":"https:\/\/pigeonposted.com\/sv\/wp-json\/wp\/v2\/media\/23138"}],"wp:attachment":[{"href":"https:\/\/pigeonposted.com\/sv\/wp-json\/wp\/v2\/media?parent=23137"}],"wp:term":[{"taxonomy":"product_brand","embeddable":true,"href":"https:\/\/pigeonposted.com\/sv\/wp-json\/wp\/v2\/product_brand?post=23137"},{"taxonomy":"product_cat","embeddable":true,"href":"https:\/\/pigeonposted.com\/sv\/wp-json\/wp\/v2\/product_cat?post=23137"},{"taxonomy":"product_tag","embeddable":true,"href":"https:\/\/pigeonposted.com\/sv\/wp-json\/wp\/v2\/product_tag?post=23137"}],"curies":[{"name":"wp","href":"https:\/\/api.w.org\/{rel}","templated":true}]}}