{"id":19742,"date":"2024-10-21T13:42:36","date_gmt":"2024-10-21T12:42:36","guid":{"rendered":"https:\/\/pigeonposted.com\/?post_type=product&#038;p=19742"},"modified":"2026-04-10T21:02:50","modified_gmt":"2026-04-10T20:02:50","slug":"frimarken-for-handutdelning-for-duvor-som-hoppar-ombord","status":"publish","type":"product","link":"https:\/\/pigeonposted.com\/sv\/product\/hand-delivery-stamps-for-hop-on-board-pigeons\/","title":{"rendered":"Handleverans av frim\u00e4rken <span>(Hoppa ombord p\u00e5 Pigeon temat)<\/span>"},"content":{"rendered":"<p>Dessa frim\u00e4rken \u00e4r f\u00f6r n\u00e4r du vill handleverera en duva till en v\u00e4n. De har utformats f\u00f6r att passa ihop med <a href=\"https:\/\/pigeonposted.com\/sv\/produkt\/hoppa-ombord-pa-duvan\/\">Hop on Board Barnf\u00f6rpackning med duvor<\/a>(men anv\u00e4nd dem g\u00e4rna med alla v\u00e5ra m\u00f6nster!) De kommer i en praktisk f\u00f6rpackning med 6 stycken, alla med olika m\u00f6nster och f\u00e4rger.<\/p>\n<p>F\u00f6r ink\u00f6p <em>med<\/em> Duvor (s\u00e4ljs inte separat).<\/p>\n<p>(INTE f\u00f6r postning via Royal Mail, USPS eller andra nationella transport\u00f6rer).<\/p>","protected":false},"excerpt":{"rendered":"<p>De h\u00e4r st\u00e4mplarna \u00e4r till f\u00f6r dig som vill \u00f6verl\u00e4mna en duva till en v\u00e4n. De har utformats f\u00f6r att passa Hop on Board Kid's paket med duvor, (men anv\u00e4nd dem g\u00e4rna med alla v\u00e5ra m\u00f6nster!) De kommer i ett praktiskt paket med 6, var och en med olika design och f\u00e4rg. F\u00f6r ink\u00f6p ... <a title=\"Handleveransst\u00e4mplar (Hop on Board Pigeon-tema)\" class=\"read-more\" href=\"https:\/\/pigeonposted.com\/sv\/product\/hand-delivery-stamps-for-hop-on-board-pigeons\/\" aria-label=\"L\u00e4s mer om Handleveransfrim\u00e4rken (Hop on Board Pigeon tema)\">L\u00e4s mer<\/a><\/p>","protected":false},"featured_media":19771,"template":"","meta":{"_acf_changed":false},"product_brand":[],"product_cat":[26],"product_tag":[],"class_list":{"0":"post-19742","1":"product","2":"type-product","3":"status-publish","4":"has-post-thumbnail","6":"product_cat-stamps","7":"sales-flash-overlay","8":"woocommerce-text-align-center","9":"woocommerce-image-align-center","10":"do-quantity-buttons","12":"first","13":"instock","14":"taxable","15":"shipping-taxable","16":"purchasable","17":"product-type-simple"},"acf":[],"aioseo_notices":[],"jetpack_sharing_enabled":true,"_links":{"self":[{"href":"https:\/\/pigeonposted.com\/sv\/wp-json\/wp\/v2\/product\/19742","targetHints":{"allow":["GET"]}}],"collection":[{"href":"https:\/\/pigeonposted.com\/sv\/wp-json\/wp\/v2\/product"}],"about":[{"href":"https:\/\/pigeonposted.com\/sv\/wp-json\/wp\/v2\/types\/product"}],"wp:featuredmedia":[{"embeddable":true,"href":"https:\/\/pigeonposted.com\/sv\/wp-json\/wp\/v2\/media\/19771"}],"wp:attachment":[{"href":"https:\/\/pigeonposted.com\/sv\/wp-json\/wp\/v2\/media?parent=19742"}],"wp:term":[{"taxonomy":"product_brand","embeddable":true,"href":"https:\/\/pigeonposted.com\/sv\/wp-json\/wp\/v2\/product_brand?post=19742"},{"taxonomy":"product_cat","embeddable":true,"href":"https:\/\/pigeonposted.com\/sv\/wp-json\/wp\/v2\/product_cat?post=19742"},{"taxonomy":"product_tag","embeddable":true,"href":"https:\/\/pigeonposted.com\/sv\/wp-json\/wp\/v2\/product_tag?post=19742"}],"curies":[{"name":"wp","href":"https:\/\/api.w.org\/{rel}","templated":true}]}}