{"id":17431,"date":"2023-12-09T12:27:42","date_gmt":"2023-12-09T12:27:42","guid":{"rendered":"https:\/\/pigeonposted.com\/?post_type=product&#038;p=17431"},"modified":"2025-11-17T14:54:48","modified_gmt":"2025-11-17T14:54:48","slug":"ljus-och-vacker-duva","status":"publish","type":"product","link":"https:\/\/pigeonposted.com\/sv\/product\/bright-and-beautiful-pigeon\/","title":{"rendered":"Ljus och vacker duva"},"content":{"rendered":"<p>Oavsett om det \u00e4r f\u00e5glar som sjunger av hj\u00e4rtans lust i gryningen, bin som pollinerar blommor under dagen eller stj\u00e4rnor som visar upp sin glans p\u00e5 natten, s\u00e5 \u00e4r naturen full av allt som \u00e4r ljust och vackert. Dessa fantastiska prints fr\u00e5n den amerikanska konstn\u00e4ren och illustrat\u00f6ren Nina Pace f\u00e5ngar de f\u00e4ngslande m\u00f6nstren hos kronblad och v\u00e4xter. Skicka ett paket med posten och f\u00f6rgyll dagen f\u00f6r n\u00e5gon du tycker om.<\/p>\n<p><em>6 duvor per f\u00f6rpackning - alla olika.<\/em><\/p>","protected":false},"excerpt":{"rendered":"<p>Fr\u00e5n f\u00e5glar som sjunger av hj\u00e4rtans lust, till bin och blommor, eller stj\u00e4rnor som lyser p\u00e5 natten - naturen \u00e4r full av allt som \u00e4r ljust och vackert. Posta en av dessa vackra blommor f\u00f6r att f\u00f6rgylla dagen f\u00f6r n\u00e5gon du tycker om.<\/p>","protected":false},"featured_media":21846,"template":"","meta":{"_acf_changed":false},"product_brand":[],"product_cat":[23],"product_tag":[],"class_list":{"0":"post-17431","1":"product","2":"type-product","3":"status-publish","4":"has-post-thumbnail","6":"product_cat-pigeons","7":"sales-flash-overlay","8":"woocommerce-text-align-center","9":"woocommerce-image-align-center","10":"do-quantity-buttons","11":"wc-has-gallery","13":"first","14":"instock","15":"taxable","16":"shipping-taxable","17":"purchasable","18":"product-type-simple"},"acf":[],"aioseo_notices":[],"jetpack_sharing_enabled":true,"_links":{"self":[{"href":"https:\/\/pigeonposted.com\/sv\/wp-json\/wp\/v2\/product\/17431","targetHints":{"allow":["GET"]}}],"collection":[{"href":"https:\/\/pigeonposted.com\/sv\/wp-json\/wp\/v2\/product"}],"about":[{"href":"https:\/\/pigeonposted.com\/sv\/wp-json\/wp\/v2\/types\/product"}],"wp:featuredmedia":[{"embeddable":true,"href":"https:\/\/pigeonposted.com\/sv\/wp-json\/wp\/v2\/media\/21846"}],"wp:attachment":[{"href":"https:\/\/pigeonposted.com\/sv\/wp-json\/wp\/v2\/media?parent=17431"}],"wp:term":[{"taxonomy":"product_brand","embeddable":true,"href":"https:\/\/pigeonposted.com\/sv\/wp-json\/wp\/v2\/product_brand?post=17431"},{"taxonomy":"product_cat","embeddable":true,"href":"https:\/\/pigeonposted.com\/sv\/wp-json\/wp\/v2\/product_cat?post=17431"},{"taxonomy":"product_tag","embeddable":true,"href":"https:\/\/pigeonposted.com\/sv\/wp-json\/wp\/v2\/product_tag?post=17431"}],"curies":[{"name":"wp","href":"https:\/\/api.w.org\/{rel}","templated":true}]}}