{"id":15076,"date":"2022-03-28T19:42:38","date_gmt":"2022-03-28T18:42:38","guid":{"rendered":"https:\/\/pigeonposted.com\/?post_type=product&#038;p=15076"},"modified":"2025-11-17T15:31:36","modified_gmt":"2025-11-17T15:31:36","slug":"hebridiska-duvor","status":"publish","type":"product","link":"https:\/\/pigeonposted.com\/sv\/product\/hebridean-pigeons\/","title":{"rendered":"Hebrideiska duvor"},"content":{"rendered":"<p>Den skotskbaserade grafikern Lisa Hooper har p\u00e5 ett f\u00f6rtjusande s\u00e4tt f\u00e5ngat den enkla elegansen och de sl\u00e5ende formerna hos ostronskv\u00e4ttor, storspovar och strandpipare mot de milda nyanserna i deras kustmilj\u00f6er. Hebridean Pigeon \u00e4r inspirerad av underbara familjesemestrar p\u00e5 \u00f6n Tiree och hyllar det skotska \u00f6livets underverk och vadare och tar med en liten bit av Hebriderna till din egen eldstad och ditt hem.<\/p>\n<p><em>6 duvor per f\u00f6rpackning - alla med olika design.<\/em><\/p>","protected":false},"excerpt":{"rendered":"<p>Vi hyllar de skotska \u00f6arnas vilda djur och v\u00e4xter och tar med oss en \"liten\" bit av Hebriderna hem till oss sj\u00e4lva.<\/p>","protected":false},"featured_media":21892,"template":"","meta":{"_acf_changed":false},"product_brand":[],"product_cat":[23],"product_tag":[],"class_list":{"0":"post-15076","1":"product","2":"type-product","3":"status-publish","4":"has-post-thumbnail","6":"product_cat-pigeons","7":"sales-flash-overlay","8":"woocommerce-text-align-center","9":"woocommerce-image-align-center","10":"do-quantity-buttons","11":"wc-has-gallery","13":"first","14":"instock","15":"taxable","16":"shipping-taxable","17":"purchasable","18":"product-type-simple"},"acf":[],"aioseo_notices":[],"jetpack_sharing_enabled":true,"_links":{"self":[{"href":"https:\/\/pigeonposted.com\/sv\/wp-json\/wp\/v2\/product\/15076","targetHints":{"allow":["GET"]}}],"collection":[{"href":"https:\/\/pigeonposted.com\/sv\/wp-json\/wp\/v2\/product"}],"about":[{"href":"https:\/\/pigeonposted.com\/sv\/wp-json\/wp\/v2\/types\/product"}],"wp:featuredmedia":[{"embeddable":true,"href":"https:\/\/pigeonposted.com\/sv\/wp-json\/wp\/v2\/media\/21892"}],"wp:attachment":[{"href":"https:\/\/pigeonposted.com\/sv\/wp-json\/wp\/v2\/media?parent=15076"}],"wp:term":[{"taxonomy":"product_brand","embeddable":true,"href":"https:\/\/pigeonposted.com\/sv\/wp-json\/wp\/v2\/product_brand?post=15076"},{"taxonomy":"product_cat","embeddable":true,"href":"https:\/\/pigeonposted.com\/sv\/wp-json\/wp\/v2\/product_cat?post=15076"},{"taxonomy":"product_tag","embeddable":true,"href":"https:\/\/pigeonposted.com\/sv\/wp-json\/wp\/v2\/product_tag?post=15076"}],"curies":[{"name":"wp","href":"https:\/\/api.w.org\/{rel}","templated":true}]}}