{"id":12195,"date":"2020-11-03T13:06:01","date_gmt":"2020-11-03T13:06:01","guid":{"rendered":"https:\/\/pigeonposted.com\/?post_type=product&#038;p=12195"},"modified":"2025-04-22T15:04:58","modified_gmt":"2025-04-22T14:04:58","slug":"rodhake-och-gardsmyg-duvor","status":"publish","type":"product","link":"https:\/\/pigeonposted.com\/sv\/product\/robin-and-wren-pigeons\/","title":{"rendered":"Robin och g\u00e4rdsmyg Duvor"},"content":{"rendered":"<p>N\u00e4r v\u00e5ra Dawn Chorus Pigeons fl\u00f6g fr\u00e5n hyllorna i Pigeon Loft visste vi att det var dags att ut\u00f6ka volj\u00e4ren. Vi presenterar v\u00e5ra v\u00e4nner Jenny Wren och Robin Redbreast, perfekt f\u00f6rberedda f\u00f6r att flyga genom posten med ett kvittrande av gl\u00e4dje. Om du anf\u00f6rtror ett meddelande till n\u00e5gon av dessa sm\u00e5 sk\u00f6nheter vet du att de kommer att gl\u00e4dja alla som du v\u00e4ljer att skriva ett brev till.<\/p>\n<p><em>6 duvor per f\u00f6rpackning - alla med olika design.<\/em><\/p>","protected":false},"excerpt":{"rendered":"<p>En flock duvor som \u00e4r perfekt inst\u00e4llda f\u00f6r att flyga genom posten med ett kvittrande av gl\u00e4dje. Du kan gl\u00e4dja alla som du v\u00e4ljer att skriva ett brev till.<\/p>","protected":false},"featured_media":12198,"template":"","meta":{"_acf_changed":false},"product_brand":[],"product_cat":[23],"product_tag":[],"class_list":{"0":"post-12195","1":"product","2":"type-product","3":"status-publish","4":"has-post-thumbnail","6":"product_cat-pigeons","7":"sales-flash-overlay","8":"woocommerce-text-align-center","9":"woocommerce-image-align-center","10":"do-quantity-buttons","11":"wc-has-gallery","13":"first","14":"instock","15":"taxable","16":"shipping-taxable","17":"purchasable","18":"product-type-simple"},"acf":[],"aioseo_notices":[],"jetpack_sharing_enabled":true,"_links":{"self":[{"href":"https:\/\/pigeonposted.com\/sv\/wp-json\/wp\/v2\/product\/12195","targetHints":{"allow":["GET"]}}],"collection":[{"href":"https:\/\/pigeonposted.com\/sv\/wp-json\/wp\/v2\/product"}],"about":[{"href":"https:\/\/pigeonposted.com\/sv\/wp-json\/wp\/v2\/types\/product"}],"wp:featuredmedia":[{"embeddable":true,"href":"https:\/\/pigeonposted.com\/sv\/wp-json\/wp\/v2\/media\/12198"}],"wp:attachment":[{"href":"https:\/\/pigeonposted.com\/sv\/wp-json\/wp\/v2\/media?parent=12195"}],"wp:term":[{"taxonomy":"product_brand","embeddable":true,"href":"https:\/\/pigeonposted.com\/sv\/wp-json\/wp\/v2\/product_brand?post=12195"},{"taxonomy":"product_cat","embeddable":true,"href":"https:\/\/pigeonposted.com\/sv\/wp-json\/wp\/v2\/product_cat?post=12195"},{"taxonomy":"product_tag","embeddable":true,"href":"https:\/\/pigeonposted.com\/sv\/wp-json\/wp\/v2\/product_tag?post=12195"}],"curies":[{"name":"wp","href":"https:\/\/api.w.org\/{rel}","templated":true}]}}