{"id":11400,"date":"2020-05-22T12:16:26","date_gmt":"2020-05-22T11:16:26","guid":{"rendered":"https:\/\/pigeonposted.com\/?post_type=product&#038;p=11400"},"modified":"2025-11-18T16:52:43","modified_gmt":"2025-11-18T16:52:43","slug":"vildblommiga-duvor","status":"publish","type":"product","link":"https:\/\/pigeonposted.com\/sv\/product\/wildflower-pigeons\/","title":{"rendered":"Vildblommande duvor"},"content":{"rendered":"<p>Varf\u00f6r inte s\u00e4ga det med blommor? H\u00e4r p\u00e5 Pigeon Loft firar vi vildblommor i all sin prakt. Dessa Wildflower Pigeons \u00e4r f\u00e4rgglada och sprakande, och bara en smula kaotiska, lite som v\u00e5ra engelska h\u00e4ckar. V\u00e4lj v\u00e5r kollektion med vildblommor och skicka en vacker frisk fl\u00e4kt till din v\u00e4n.<\/p>\n<p><em>6 duvor per f\u00f6rpackning - alla med olika design.<\/em><\/p>","protected":false},"excerpt":{"rendered":"<p>Vi hyllar vildblommorna i all deras vackra prakt! V\u00e4lj v\u00e5r kollektion med vildblommor - en favorit sedan den lanserades - och skicka en vacker fl\u00e4kt av frisk luft till din v\u00e4n.<\/p>","protected":false},"featured_media":21925,"template":"","meta":{"_acf_changed":false},"product_brand":[],"product_cat":[23],"product_tag":[],"class_list":{"0":"post-11400","1":"product","2":"type-product","3":"status-publish","4":"has-post-thumbnail","6":"product_cat-pigeons","7":"sales-flash-overlay","8":"woocommerce-text-align-center","9":"woocommerce-image-align-center","10":"do-quantity-buttons","11":"wc-has-gallery","13":"first","14":"instock","15":"taxable","16":"shipping-taxable","17":"purchasable","18":"product-type-simple"},"acf":[],"aioseo_notices":[],"jetpack_sharing_enabled":true,"_links":{"self":[{"href":"https:\/\/pigeonposted.com\/sv\/wp-json\/wp\/v2\/product\/11400","targetHints":{"allow":["GET"]}}],"collection":[{"href":"https:\/\/pigeonposted.com\/sv\/wp-json\/wp\/v2\/product"}],"about":[{"href":"https:\/\/pigeonposted.com\/sv\/wp-json\/wp\/v2\/types\/product"}],"wp:featuredmedia":[{"embeddable":true,"href":"https:\/\/pigeonposted.com\/sv\/wp-json\/wp\/v2\/media\/21925"}],"wp:attachment":[{"href":"https:\/\/pigeonposted.com\/sv\/wp-json\/wp\/v2\/media?parent=11400"}],"wp:term":[{"taxonomy":"product_brand","embeddable":true,"href":"https:\/\/pigeonposted.com\/sv\/wp-json\/wp\/v2\/product_brand?post=11400"},{"taxonomy":"product_cat","embeddable":true,"href":"https:\/\/pigeonposted.com\/sv\/wp-json\/wp\/v2\/product_cat?post=11400"},{"taxonomy":"product_tag","embeddable":true,"href":"https:\/\/pigeonposted.com\/sv\/wp-json\/wp\/v2\/product_tag?post=11400"}],"curies":[{"name":"wp","href":"https:\/\/api.w.org\/{rel}","templated":true}]}}