{"id":362,"date":"2019-05-08T14:14:14","date_gmt":"2019-05-08T13:14:14","guid":{"rendered":"https:\/\/pigeonposted.com\/?post_type=product&#038;p=362"},"modified":"2025-11-18T17:20:40","modified_gmt":"2025-11-18T17:20:40","slug":"pombos-urbanos","status":"publish","type":"product","link":"https:\/\/pigeonposted.com\/pt\/product\/urban-pigeons\/","title":{"rendered":"Pombos urbanos"},"content":{"rendered":"<p>A Urban Pigeon \u00e9 uma empresa que se preocupa com o seu estilo. \u00c9 verdade que algumas pessoas podem ser um pouco rudes com os nossos amigos da IRL Urban Pigeon. Mas no Pigeon Loft n\u00e3o temos nada disso, muito obrigado. Os nossos Pombos Urbanos s\u00e3o inspirados nos melhores padr\u00f5es retro e est\u00e3o dispon\u00edveis em cores extravagantes. Os blocos 3D podem fazer a sua cabe\u00e7a girar um pouco, mas confie em n\u00f3s - eles s\u00e3o o m\u00e1ximo em frescura.<\/p>\n<p><em>6 Pombos por embalagem - cada um com um desenho diferente.<\/em><\/p>","protected":false},"excerpt":{"rendered":"<p>O Urban Pigeon \u00e9 um produto funky consciente. Os blocos 3D podem fazer a sua cabe\u00e7a girar um pouco, mas confie em n\u00f3s - eles s\u00e3o o m\u00e1ximo em frescura.<\/p>","protected":false},"featured_media":21944,"template":"","meta":{"_acf_changed":false},"product_brand":[],"product_cat":[23],"product_tag":[],"class_list":{"0":"post-362","1":"product","2":"type-product","3":"status-publish","4":"has-post-thumbnail","6":"product_cat-pigeons","7":"sales-flash-overlay","8":"woocommerce-text-align-center","9":"woocommerce-image-align-center","10":"do-quantity-buttons","11":"wc-has-gallery","13":"first","14":"instock","15":"taxable","16":"shipping-taxable","17":"purchasable","18":"product-type-simple"},"acf":[],"aioseo_notices":[],"jetpack_sharing_enabled":true,"_links":{"self":[{"href":"https:\/\/pigeonposted.com\/pt\/wp-json\/wp\/v2\/product\/362","targetHints":{"allow":["GET"]}}],"collection":[{"href":"https:\/\/pigeonposted.com\/pt\/wp-json\/wp\/v2\/product"}],"about":[{"href":"https:\/\/pigeonposted.com\/pt\/wp-json\/wp\/v2\/types\/product"}],"wp:featuredmedia":[{"embeddable":true,"href":"https:\/\/pigeonposted.com\/pt\/wp-json\/wp\/v2\/media\/21944"}],"wp:attachment":[{"href":"https:\/\/pigeonposted.com\/pt\/wp-json\/wp\/v2\/media?parent=362"}],"wp:term":[{"taxonomy":"product_brand","embeddable":true,"href":"https:\/\/pigeonposted.com\/pt\/wp-json\/wp\/v2\/product_brand?post=362"},{"taxonomy":"product_cat","embeddable":true,"href":"https:\/\/pigeonposted.com\/pt\/wp-json\/wp\/v2\/product_cat?post=362"},{"taxonomy":"product_tag","embeddable":true,"href":"https:\/\/pigeonposted.com\/pt\/wp-json\/wp\/v2\/product_tag?post=362"}],"curies":[{"name":"wp","href":"https:\/\/api.w.org\/{rel}","templated":true}]}}