{"id":23133,"date":"2026-04-24T15:30:50","date_gmt":"2026-04-24T14:30:50","guid":{"rendered":"https:\/\/pigeonposted.com\/?post_type=product&#038;p=23133"},"modified":"2026-04-24T15:50:36","modified_gmt":"2026-04-24T14:50:36","slug":"pombo-dourado","status":"publish","type":"product","link":"https:\/\/pigeonposted.com\/pt\/product\/golden-flight-pigeon\/","title":{"rendered":"Pombo de voo dourado"},"content":{"rendered":"<p>A artista Jackie Morris criou estas pinturas maravilhosamente intrincadas, onde a folha de ouro brilha \u00e0 luz, chamando a nossa aten\u00e7\u00e3o para a beleza sagrada destas aves e honrando o seu lugar no mundo natural. Abra as suas janelas e ou\u00e7a o seu canto, enquanto escreve a algu\u00e9m que lhe \u00e9 querido. Depois, publique-a e deixe-a voar.<\/p>\n<p><em>6 pombos por embalagem - 2 de cada uma das 3 ilustra\u00e7\u00f5es (pintassilgo, andorinha e chapim de cauda comprida)<\/em><\/p>","protected":false},"excerpt":{"rendered":"<p>A artista Jackie Morris criou estas pinturas maravilhosamente intrincadas, onde a folha de ouro brilha \u00e0 luz, chamando a nossa aten\u00e7\u00e3o para estas belezas sagradas. Abra as suas janelas e ou\u00e7a a sua can\u00e7\u00e3o enquanto escreve a algu\u00e9m que lhe \u00e9 querido.<\/p>","protected":false},"featured_media":23141,"template":"","meta":{"_acf_changed":false},"product_brand":[],"product_cat":[23],"product_tag":[],"class_list":{"0":"post-23133","1":"product","2":"type-product","3":"status-publish","4":"has-post-thumbnail","6":"product_cat-pigeons","7":"sales-flash-overlay","8":"woocommerce-text-align-center","9":"woocommerce-image-align-center","10":"do-quantity-buttons","11":"wc-has-gallery","13":"first","14":"instock","15":"taxable","16":"shipping-taxable","17":"purchasable","18":"product-type-simple"},"acf":[],"aioseo_notices":[],"jetpack_sharing_enabled":true,"_links":{"self":[{"href":"https:\/\/pigeonposted.com\/pt\/wp-json\/wp\/v2\/product\/23133","targetHints":{"allow":["GET"]}}],"collection":[{"href":"https:\/\/pigeonposted.com\/pt\/wp-json\/wp\/v2\/product"}],"about":[{"href":"https:\/\/pigeonposted.com\/pt\/wp-json\/wp\/v2\/types\/product"}],"wp:featuredmedia":[{"embeddable":true,"href":"https:\/\/pigeonposted.com\/pt\/wp-json\/wp\/v2\/media\/23141"}],"wp:attachment":[{"href":"https:\/\/pigeonposted.com\/pt\/wp-json\/wp\/v2\/media?parent=23133"}],"wp:term":[{"taxonomy":"product_brand","embeddable":true,"href":"https:\/\/pigeonposted.com\/pt\/wp-json\/wp\/v2\/product_brand?post=23133"},{"taxonomy":"product_cat","embeddable":true,"href":"https:\/\/pigeonposted.com\/pt\/wp-json\/wp\/v2\/product_cat?post=23133"},{"taxonomy":"product_tag","embeddable":true,"href":"https:\/\/pigeonposted.com\/pt\/wp-json\/wp\/v2\/product_tag?post=23133"}],"curies":[{"name":"wp","href":"https:\/\/api.w.org\/{rel}","templated":true}]}}