{"id":21644,"date":"2025-10-31T12:02:32","date_gmt":"2025-10-31T12:02:32","guid":{"rendered":"https:\/\/pigeonposted.com\/?post_type=product&#038;p=21644"},"modified":"2026-01-12T09:40:02","modified_gmt":"2026-01-12T09:40:02","slug":"pombo-da-lua-da-colheita","status":"publish","type":"product","link":"https:\/\/pigeonposted.com\/pt\/product\/harvest-moon-pigeon\/","title":{"rendered":"Pombo da Lua da Colheita"},"content":{"rendered":"<p>Capturando o calor e a maravilha do inverno, estes Pombos da Lua da Colheita ilustram lindamente o brilho sazonal da luz das l\u00e2mpadas, das estrelas e do luar. Encontre uma poltrona aconchegante e escreva uma \u00e0 luz das velas para levar um pouco de alegria sazonal aos amigos pr\u00f3ximos e distantes.<\/p>\n<p><em>6 Pombos por embalagem - 2 de cada um dos 3 desenhos.<\/em><\/p>","protected":false},"excerpt":{"rendered":"<p>Capturando o calor e a maravilha do inverno, estes Pombos da Lua da Colheita ilustram lindamente o brilho sazonal da luz das l\u00e2mpadas, das estrelas e do luar. Encontre uma poltrona aconchegante e escreva uma \u00e0 luz das velas para levar um pouco de alegria sazonal aos amigos pr\u00f3ximos e distantes.<\/p>","protected":false},"featured_media":21811,"template":"","meta":{"_acf_changed":false},"product_brand":[],"product_cat":[23],"product_tag":[],"class_list":{"0":"post-21644","1":"product","2":"type-product","3":"status-publish","4":"has-post-thumbnail","6":"product_cat-pigeons","7":"sales-flash-overlay","8":"woocommerce-text-align-center","9":"woocommerce-image-align-center","10":"do-quantity-buttons","11":"wc-has-gallery","13":"first","14":"instock","15":"taxable","16":"shipping-taxable","17":"purchasable","18":"product-type-simple"},"acf":[],"aioseo_notices":[],"jetpack_sharing_enabled":true,"_links":{"self":[{"href":"https:\/\/pigeonposted.com\/pt\/wp-json\/wp\/v2\/product\/21644","targetHints":{"allow":["GET"]}}],"collection":[{"href":"https:\/\/pigeonposted.com\/pt\/wp-json\/wp\/v2\/product"}],"about":[{"href":"https:\/\/pigeonposted.com\/pt\/wp-json\/wp\/v2\/types\/product"}],"wp:featuredmedia":[{"embeddable":true,"href":"https:\/\/pigeonposted.com\/pt\/wp-json\/wp\/v2\/media\/21811"}],"wp:attachment":[{"href":"https:\/\/pigeonposted.com\/pt\/wp-json\/wp\/v2\/media?parent=21644"}],"wp:term":[{"taxonomy":"product_brand","embeddable":true,"href":"https:\/\/pigeonposted.com\/pt\/wp-json\/wp\/v2\/product_brand?post=21644"},{"taxonomy":"product_cat","embeddable":true,"href":"https:\/\/pigeonposted.com\/pt\/wp-json\/wp\/v2\/product_cat?post=21644"},{"taxonomy":"product_tag","embeddable":true,"href":"https:\/\/pigeonposted.com\/pt\/wp-json\/wp\/v2\/product_tag?post=21644"}],"curies":[{"name":"wp","href":"https:\/\/api.w.org\/{rel}","templated":true}]}}