{"id":19700,"date":"2024-10-17T15:56:40","date_gmt":"2024-10-17T14:56:40","guid":{"rendered":"https:\/\/pigeonposted.com\/?post_type=product&#038;p=19700"},"modified":"2025-11-17T15:29:27","modified_gmt":"2025-11-17T15:29:27","slug":"pombo-do-crepusculo-ao-amanhecer","status":"publish","type":"product","link":"https:\/\/pigeonposted.com\/pt\/product\/dusk-to-dawn-pigeon\/","title":{"rendered":"Pombo do crep\u00fasculo ao amanhecer"},"content":{"rendered":"<p>Desde a alegria lenta e desperta e a primeira luz do amanhecer at\u00e9 ao aconchego quente e acolhedor do anoitecer, estas ilustra\u00e7\u00f5es do est\u00fadio da artista californiana Katie O'Shea captam maravilhosamente o conforto e a esperan\u00e7a. Envie um brilhante e colorido para dizer um ol\u00e1 alegre ou um mais quente e escuro como um abra\u00e7o \u00e0 dist\u00e2ncia. Pequenas prendas de tempo e amor, enviadas a amigos especiais de perto e de longe.<\/p>\n<p><em>6 Pombos por embalagem - 3 ilustra\u00e7\u00f5es \u00fanicas, cada uma em 2 cores.<br \/>\n<\/em><\/p>","protected":false},"excerpt":{"rendered":"<p>Desde a primeira luz do amanhecer at\u00e9 ao aconchego do crep\u00fasculo, estes pombos captam maravilhosamente o conforto e a esperan\u00e7a. Pequenas prendas de tempo e amor, enviadas a amigos especiais de perto e de longe.<\/p>","protected":false},"featured_media":21888,"template":"","meta":{"_acf_changed":false},"product_brand":[],"product_cat":[23],"product_tag":[],"class_list":{"0":"post-19700","1":"product","2":"type-product","3":"status-publish","4":"has-post-thumbnail","6":"product_cat-pigeons","7":"sales-flash-overlay","8":"woocommerce-text-align-center","9":"woocommerce-image-align-center","10":"do-quantity-buttons","11":"wc-has-gallery","13":"first","14":"instock","15":"taxable","16":"shipping-taxable","17":"purchasable","18":"product-type-simple"},"acf":[],"aioseo_notices":[],"jetpack_sharing_enabled":true,"_links":{"self":[{"href":"https:\/\/pigeonposted.com\/pt\/wp-json\/wp\/v2\/product\/19700","targetHints":{"allow":["GET"]}}],"collection":[{"href":"https:\/\/pigeonposted.com\/pt\/wp-json\/wp\/v2\/product"}],"about":[{"href":"https:\/\/pigeonposted.com\/pt\/wp-json\/wp\/v2\/types\/product"}],"wp:featuredmedia":[{"embeddable":true,"href":"https:\/\/pigeonposted.com\/pt\/wp-json\/wp\/v2\/media\/21888"}],"wp:attachment":[{"href":"https:\/\/pigeonposted.com\/pt\/wp-json\/wp\/v2\/media?parent=19700"}],"wp:term":[{"taxonomy":"product_brand","embeddable":true,"href":"https:\/\/pigeonposted.com\/pt\/wp-json\/wp\/v2\/product_brand?post=19700"},{"taxonomy":"product_cat","embeddable":true,"href":"https:\/\/pigeonposted.com\/pt\/wp-json\/wp\/v2\/product_cat?post=19700"},{"taxonomy":"product_tag","embeddable":true,"href":"https:\/\/pigeonposted.com\/pt\/wp-json\/wp\/v2\/product_tag?post=19700"}],"curies":[{"name":"wp","href":"https:\/\/api.w.org\/{rel}","templated":true}]}}