{"id":17431,"date":"2023-12-09T12:27:42","date_gmt":"2023-12-09T12:27:42","guid":{"rendered":"https:\/\/pigeonposted.com\/?post_type=product&#038;p=17431"},"modified":"2025-11-17T14:54:48","modified_gmt":"2025-11-17T14:54:48","slug":"pombo-brilhante-e-bonito","status":"publish","type":"product","link":"https:\/\/pigeonposted.com\/pt\/product\/bright-and-beautiful-pigeon\/","title":{"rendered":"Pombo brilhante e bonito"},"content":{"rendered":"<p>Quer sejam os p\u00e1ssaros a cantar ao amanhecer, as abelhas a polinizar as flores durante o dia ou as estrelas a exibir o seu brilho \u00e0 noite, o mundo natural est\u00e1 repleto de todas as coisas brilhantes e belas. Estas gloriosas gravuras do est\u00fadio da artista e ilustradora americana Nina Pace captam os padr\u00f5es cativantes das p\u00e9talas e das plantas. Envie uma para o correio e alegre o dia de um ente querido.<\/p>\n<p><em>6 Pombos por embalagem - todos diferentes.<\/em><\/p>","protected":false},"excerpt":{"rendered":"<p>Desde os p\u00e1ssaros que cantam com o cora\u00e7\u00e3o, \u00e0s abelhas e flores, ou \u00e0s estrelas que brilham \u00e0 noite, o mundo natural est\u00e1 repleto de coisas brilhantes e belas. Ponha uma destas belezas no correio para alegrar o dia de um ente querido.<\/p>","protected":false},"featured_media":21846,"template":"","meta":{"_acf_changed":false},"product_brand":[],"product_cat":[23],"product_tag":[],"class_list":{"0":"post-17431","1":"product","2":"type-product","3":"status-publish","4":"has-post-thumbnail","6":"product_cat-pigeons","7":"sales-flash-overlay","8":"woocommerce-text-align-center","9":"woocommerce-image-align-center","10":"do-quantity-buttons","11":"wc-has-gallery","13":"first","14":"instock","15":"taxable","16":"shipping-taxable","17":"purchasable","18":"product-type-simple"},"acf":[],"aioseo_notices":[],"jetpack_sharing_enabled":true,"_links":{"self":[{"href":"https:\/\/pigeonposted.com\/pt\/wp-json\/wp\/v2\/product\/17431","targetHints":{"allow":["GET"]}}],"collection":[{"href":"https:\/\/pigeonposted.com\/pt\/wp-json\/wp\/v2\/product"}],"about":[{"href":"https:\/\/pigeonposted.com\/pt\/wp-json\/wp\/v2\/types\/product"}],"wp:featuredmedia":[{"embeddable":true,"href":"https:\/\/pigeonposted.com\/pt\/wp-json\/wp\/v2\/media\/21846"}],"wp:attachment":[{"href":"https:\/\/pigeonposted.com\/pt\/wp-json\/wp\/v2\/media?parent=17431"}],"wp:term":[{"taxonomy":"product_brand","embeddable":true,"href":"https:\/\/pigeonposted.com\/pt\/wp-json\/wp\/v2\/product_brand?post=17431"},{"taxonomy":"product_cat","embeddable":true,"href":"https:\/\/pigeonposted.com\/pt\/wp-json\/wp\/v2\/product_cat?post=17431"},{"taxonomy":"product_tag","embeddable":true,"href":"https:\/\/pigeonposted.com\/pt\/wp-json\/wp\/v2\/product_tag?post=17431"}],"curies":[{"name":"wp","href":"https:\/\/api.w.org\/{rel}","templated":true}]}}