{"id":17421,"date":"2023-12-09T12:05:58","date_gmt":"2023-12-09T12:05:58","guid":{"rendered":"https:\/\/pigeonposted.com\/?post_type=product&#038;p=17421"},"modified":"2025-11-17T15:01:32","modified_gmt":"2025-11-17T15:01:32","slug":"pombo-torcaz","status":"publish","type":"product","link":"https:\/\/pigeonposted.com\/pt\/product\/hedgerow-pigeon\/","title":{"rendered":"Pombo-torcaz"},"content":{"rendered":"<p>Inspirados nas sementes e bagas das sebes que revestem as pastagens e os caminhos da nossa querida zona rural, estes designs requintados da artista escocesa Angie Lewin combinam um aceno entusi\u00e1stico aos padr\u00f5es org\u00e2nicos e estruturais da impress\u00e3o de meados do s\u00e9culo XX com uma est\u00e9tica fresca e vibrante. Elegantes e encantadores, os nossos Hedgerow Pigeons s\u00e3o perfeitos para correspondentes contempor\u00e2neos e amantes de passeios de inverno<br \/>\ne os passeios de ver\u00e3o.<\/p>\n<p><em>6 Pombos por embalagem - 2 de cada um dos 3 desenhos.<\/em><\/p>","protected":false},"excerpt":{"rendered":"<p>Inspirados nas sementes e bagas das sebes que revestem os pastos e caminhos do nosso querido campo, estes Pombos s\u00e3o perfeitos para correspondentes contempor\u00e2neos e amantes de passeios de inverno.<\/p>","protected":false},"featured_media":21851,"template":"","meta":{"_acf_changed":false},"product_brand":[],"product_cat":[23],"product_tag":[],"class_list":{"0":"post-17421","1":"product","2":"type-product","3":"status-publish","4":"has-post-thumbnail","6":"product_cat-pigeons","7":"sales-flash-overlay","8":"woocommerce-text-align-center","9":"woocommerce-image-align-center","10":"do-quantity-buttons","11":"wc-has-gallery","13":"first","14":"instock","15":"taxable","16":"shipping-taxable","17":"purchasable","18":"product-type-simple"},"acf":[],"aioseo_notices":[],"jetpack_sharing_enabled":true,"_links":{"self":[{"href":"https:\/\/pigeonposted.com\/pt\/wp-json\/wp\/v2\/product\/17421","targetHints":{"allow":["GET"]}}],"collection":[{"href":"https:\/\/pigeonposted.com\/pt\/wp-json\/wp\/v2\/product"}],"about":[{"href":"https:\/\/pigeonposted.com\/pt\/wp-json\/wp\/v2\/types\/product"}],"wp:featuredmedia":[{"embeddable":true,"href":"https:\/\/pigeonposted.com\/pt\/wp-json\/wp\/v2\/media\/21851"}],"wp:attachment":[{"href":"https:\/\/pigeonposted.com\/pt\/wp-json\/wp\/v2\/media?parent=17421"}],"wp:term":[{"taxonomy":"product_brand","embeddable":true,"href":"https:\/\/pigeonposted.com\/pt\/wp-json\/wp\/v2\/product_brand?post=17421"},{"taxonomy":"product_cat","embeddable":true,"href":"https:\/\/pigeonposted.com\/pt\/wp-json\/wp\/v2\/product_cat?post=17421"},{"taxonomy":"product_tag","embeddable":true,"href":"https:\/\/pigeonposted.com\/pt\/wp-json\/wp\/v2\/product_tag?post=17421"}],"curies":[{"name":"wp","href":"https:\/\/api.w.org\/{rel}","templated":true}]}}