{"id":18377,"date":"2024-03-18T17:35:37","date_gmt":"2024-03-18T17:35:37","guid":{"rendered":"https:\/\/pigeonposted.com\/?page_id=18377"},"modified":"2024-03-27T14:20:40","modified_gmt":"2024-03-27T14:20:40","slug":"mapa-de-armazenistas","status":"publish","type":"page","link":"https:\/\/pigeonposted.com\/pt\/stockist-map\/","title":{"rendered":"Mapa do armazenista"},"content":{"rendered":"<h1>\n\t\tPigeon Stockists Worldwide\n\t<\/h1>\n<h2>\n\t\tFiltrar os resultados\n\t<\/h2>\n<h4>Categorias de armazenistas<\/h4>\n<h4>Filtrar por nome do armazenista<\/h4>\n<h4>Dist\u00e2ncia da minha localiza\u00e7\u00e3o<\/h4>\n<h2>\n\t\tResultados da pesquisa\n\t<\/h2>","protected":false},"excerpt":{"rendered":"<p>Pigeon Stockists Worldwide Filter Your Results Stockist Categories Filter by Stockist Name Distance from my location Your search results<\/p>","protected":false},"author":3,"featured_media":0,"parent":0,"menu_order":0,"comment_status":"closed","ping_status":"closed","template":"","meta":{"_acf_changed":false,"footnotes":""},"class_list":["post-18377","page","type-page","status-publish"],"acf":[],"aioseo_notices":[],"jetpack_sharing_enabled":true,"_links":{"self":[{"href":"https:\/\/pigeonposted.com\/pt\/wp-json\/wp\/v2\/pages\/18377","targetHints":{"allow":["GET"]}}],"collection":[{"href":"https:\/\/pigeonposted.com\/pt\/wp-json\/wp\/v2\/pages"}],"about":[{"href":"https:\/\/pigeonposted.com\/pt\/wp-json\/wp\/v2\/types\/page"}],"author":[{"embeddable":true,"href":"https:\/\/pigeonposted.com\/pt\/wp-json\/wp\/v2\/users\/3"}],"replies":[{"embeddable":true,"href":"https:\/\/pigeonposted.com\/pt\/wp-json\/wp\/v2\/comments?post=18377"}],"version-history":[{"count":5,"href":"https:\/\/pigeonposted.com\/pt\/wp-json\/wp\/v2\/pages\/18377\/revisions"}],"predecessor-version":[{"id":18862,"href":"https:\/\/pigeonposted.com\/pt\/wp-json\/wp\/v2\/pages\/18377\/revisions\/18862"}],"wp:attachment":[{"href":"https:\/\/pigeonposted.com\/pt\/wp-json\/wp\/v2\/media?parent=18377"}],"curies":[{"name":"wp","href":"https:\/\/api.w.org\/{rel}","templated":true}]}}