{"id":23137,"date":"2026-04-24T15:44:50","date_gmt":"2026-04-24T14:44:50","guid":{"rendered":"https:\/\/pigeonposted.com\/?post_type=product&#038;p=23137"},"modified":"2026-04-24T15:51:24","modified_gmt":"2026-04-24T14:51:24","slug":"niedzielny-golab-pocztowy","status":"publish","type":"product","link":"https:\/\/pigeonposted.com\/pl\/product\/sunday-letter-pigeon\/","title":{"rendered":"Niedzielny go\u0142\u0105b pocztowy"},"content":{"rendered":"<p>Kreatywna wsp\u00f3\u0142praca z inspiruj\u0105cymi <a href=\"https:\/\/www.thesundayletterproject.com\/\" target=\"_blank\" rel=\"noopener\">Projekt niedzielnego listu<\/a>, kt\u00f3ry promuje osobist\u0105 refleksj\u0119 i wi\u0119zi mi\u0119dzyludzkie poprzez delikatny rytua\u0142 pisania list\u00f3w. Mamy nadziej\u0119, \u017ce te urocze go\u0142\u0119bie przynios\u0105 wiele radosnych chwil cichej kontemplacji - balsam dla duszy i pokrzepienie dla ducha.<\/p>","protected":false},"excerpt":{"rendered":"<p>Kreatywna wsp\u00f3\u0142praca z inspiruj\u0105cym projektem Sunday Letter Project, kt\u00f3ry promuje korespondencj\u0119 poprzez delikatny rytua\u0142 pisania list\u00f3w. Mamy nadziej\u0119, \u017ce te urocze go\u0142\u0119bie przynios\u0105 wiele radosnych chwil cichej kontemplacji i wi\u0119zi.<\/p>","protected":false},"featured_media":23138,"template":"","meta":{"_acf_changed":false},"product_brand":[],"product_cat":[23],"product_tag":[],"class_list":{"0":"post-23137","1":"product","2":"type-product","3":"status-publish","4":"has-post-thumbnail","6":"product_cat-pigeons","7":"sales-flash-overlay","8":"woocommerce-text-align-center","9":"woocommerce-image-align-center","10":"do-quantity-buttons","11":"wc-has-gallery","13":"first","14":"instock","15":"taxable","16":"shipping-taxable","17":"purchasable","18":"product-type-simple"},"acf":[],"aioseo_notices":[],"jetpack_sharing_enabled":true,"_links":{"self":[{"href":"https:\/\/pigeonposted.com\/pl\/wp-json\/wp\/v2\/product\/23137","targetHints":{"allow":["GET"]}}],"collection":[{"href":"https:\/\/pigeonposted.com\/pl\/wp-json\/wp\/v2\/product"}],"about":[{"href":"https:\/\/pigeonposted.com\/pl\/wp-json\/wp\/v2\/types\/product"}],"wp:featuredmedia":[{"embeddable":true,"href":"https:\/\/pigeonposted.com\/pl\/wp-json\/wp\/v2\/media\/23138"}],"wp:attachment":[{"href":"https:\/\/pigeonposted.com\/pl\/wp-json\/wp\/v2\/media?parent=23137"}],"wp:term":[{"taxonomy":"product_brand","embeddable":true,"href":"https:\/\/pigeonposted.com\/pl\/wp-json\/wp\/v2\/product_brand?post=23137"},{"taxonomy":"product_cat","embeddable":true,"href":"https:\/\/pigeonposted.com\/pl\/wp-json\/wp\/v2\/product_cat?post=23137"},{"taxonomy":"product_tag","embeddable":true,"href":"https:\/\/pigeonposted.com\/pl\/wp-json\/wp\/v2\/product_tag?post=23137"}],"curies":[{"name":"wp","href":"https:\/\/api.w.org\/{rel}","templated":true}]}}