{"id":23133,"date":"2026-04-24T15:30:50","date_gmt":"2026-04-24T14:30:50","guid":{"rendered":"https:\/\/pigeonposted.com\/?post_type=product&#038;p=23133"},"modified":"2026-04-24T15:50:36","modified_gmt":"2026-04-24T14:50:36","slug":"zloty-golab-lotny","status":"publish","type":"product","link":"https:\/\/pigeonposted.com\/pl\/product\/golden-flight-pigeon\/","title":{"rendered":"Z\u0142oty lot go\u0142\u0119bia"},"content":{"rendered":"<p>Artystka Jackie Morris stworzy\u0142a te cudownie misterne obrazy, na kt\u00f3rych z\u0142oty li\u015b\u0107 mieni si\u0119 w \u015bwietle, zwracaj\u0105c nasz\u0105 uwag\u0119 na \u015bwi\u0119te pi\u0119kno tych ptak\u00f3w i honoruj\u0105c ich miejsce w \u015bwiecie przyrody. Otw\u00f3rz okna i ws\u0142uchaj si\u0119 w ich \u015bpiew, pisz\u0105c do kogo\u015b, kogo kochasz. Nast\u0119pnie opublikuj wiadomo\u015b\u0107 i pozw\u00f3l jej wzbi\u0107 si\u0119 w powietrze.<\/p>\n<p><em>6 go\u0142\u0119bi w opakowaniu - po 2 z ka\u017cdej z 3 ilustracji (szczygie\u0142, jask\u00f3\u0142ka i sikorka d\u0142ugoogoniasta)<\/em><\/p>","protected":false},"excerpt":{"rendered":"<p>Artystka Jackie Morris stworzy\u0142a te cudownie skomplikowane obrazy, na kt\u00f3rych z\u0142oty li\u015b\u0107 mieni si\u0119 w \u015bwietle, przyci\u0105gaj\u0105c nasz\u0105 uwag\u0119 do tych \u015bwi\u0119tych pi\u0119kno\u015bci. Otw\u00f3rz okna i ws\u0142uchaj si\u0119 w ich \u015bpiew, pisz\u0105c do kogo\u015b, kogo kochasz.<\/p>","protected":false},"featured_media":23141,"template":"","meta":{"_acf_changed":false},"product_brand":[],"product_cat":[23],"product_tag":[],"class_list":{"0":"post-23133","1":"product","2":"type-product","3":"status-publish","4":"has-post-thumbnail","6":"product_cat-pigeons","7":"sales-flash-overlay","8":"woocommerce-text-align-center","9":"woocommerce-image-align-center","10":"do-quantity-buttons","11":"wc-has-gallery","13":"first","14":"instock","15":"taxable","16":"shipping-taxable","17":"purchasable","18":"product-type-simple"},"acf":[],"aioseo_notices":[],"jetpack_sharing_enabled":true,"_links":{"self":[{"href":"https:\/\/pigeonposted.com\/pl\/wp-json\/wp\/v2\/product\/23133","targetHints":{"allow":["GET"]}}],"collection":[{"href":"https:\/\/pigeonposted.com\/pl\/wp-json\/wp\/v2\/product"}],"about":[{"href":"https:\/\/pigeonposted.com\/pl\/wp-json\/wp\/v2\/types\/product"}],"wp:featuredmedia":[{"embeddable":true,"href":"https:\/\/pigeonposted.com\/pl\/wp-json\/wp\/v2\/media\/23141"}],"wp:attachment":[{"href":"https:\/\/pigeonposted.com\/pl\/wp-json\/wp\/v2\/media?parent=23133"}],"wp:term":[{"taxonomy":"product_brand","embeddable":true,"href":"https:\/\/pigeonposted.com\/pl\/wp-json\/wp\/v2\/product_brand?post=23133"},{"taxonomy":"product_cat","embeddable":true,"href":"https:\/\/pigeonposted.com\/pl\/wp-json\/wp\/v2\/product_cat?post=23133"},{"taxonomy":"product_tag","embeddable":true,"href":"https:\/\/pigeonposted.com\/pl\/wp-json\/wp\/v2\/product_tag?post=23133"}],"curies":[{"name":"wp","href":"https:\/\/api.w.org\/{rel}","templated":true}]}}