{"id":19742,"date":"2024-10-21T13:42:36","date_gmt":"2024-10-21T12:42:36","guid":{"rendered":"https:\/\/pigeonposted.com\/?post_type=product&#038;p=19742"},"modified":"2026-05-01T13:27:45","modified_gmt":"2026-05-01T12:27:45","slug":"znaczki-dostawy-recznej-dla-golebi-pocztowych-hop-on-board","status":"publish","type":"product","link":"https:\/\/pigeonposted.com\/pl\/product\/hand-delivery-stamps-for-hop-on-board-pigeons\/","title":{"rendered":"Znaczki dostarczane r\u0119cznie <span>(Hop on Board Pigeon tematyczne)<\/span>"},"content":{"rendered":"<p>Te znaczki s\u0105 przeznaczone do r\u0119cznego dostarczania go\u0142\u0119bi znajomym. Zosta\u0142y zaprojektowane tak, aby pasowa\u0142y do <a href=\"https:\/\/pigeonposted.com\/pl\/produkt\/wskakuj-na-poklad-golebia\/\">Paczka go\u0142\u0119bi dla dzieci Hop on Board<\/a>S\u0105 one dost\u0119pne w por\u0119cznym opakowaniu zawieraj\u0105cym 6 sztuk, z kt\u00f3rych ka\u017cda ma inny wz\u00f3r i kolor.<\/p>\n<p>Za zakup <em>z<\/em> Go\u0142\u0119bie (nie sprzedawane oddzielnie).<\/p>\n<p>(NIE w przypadku wysy\u0142ki za po\u015brednictwem Royal Mail, USPS lub innych krajowych przewo\u017anik\u00f3w).<\/p>","protected":false},"excerpt":{"rendered":"<p>Te znaczki s\u0105 przeznaczone do r\u0119cznego dostarczania go\u0142\u0119bi znajomym. Zosta\u0142y zaprojektowane tak, aby pasowa\u0142y do paczki Hop on Board Kid's Pigeons (ale mo\u017cesz ich u\u017cywa\u0107 z dowolnym z naszych projekt\u00f3w!) S\u0105 dost\u0119pne w por\u0119cznym opakowaniu po 6 sztuk, ka\u017cdy z innym wzorem i kolorem. Przy zakupie ... <a title=\"Znaczki dostarczane r\u0119cznie (z motywem Hop on Board Pigeon)\" class=\"read-more\" href=\"https:\/\/pigeonposted.com\/pl\/product\/hand-delivery-stamps-for-hop-on-board-pigeons\/\" aria-label=\"Dowiedz si\u0119 wi\u0119cej o znaczkach do r\u0119cznego dostarczania (z motywem Hop on Board Pigeon)\">Dowiedz si\u0119 wi\u0119cej<\/a><\/p>","protected":false},"featured_media":19771,"template":"","meta":{"_acf_changed":false},"product_brand":[],"product_cat":[26],"product_tag":[],"class_list":{"0":"post-19742","1":"product","2":"type-product","3":"status-publish","4":"has-post-thumbnail","6":"product_cat-stamps","7":"sales-flash-overlay","8":"woocommerce-text-align-center","9":"woocommerce-image-align-center","10":"do-quantity-buttons","12":"first","13":"instock","14":"taxable","15":"shipping-taxable","16":"purchasable","17":"product-type-simple"},"acf":[],"aioseo_notices":[],"jetpack_sharing_enabled":true,"_links":{"self":[{"href":"https:\/\/pigeonposted.com\/pl\/wp-json\/wp\/v2\/product\/19742","targetHints":{"allow":["GET"]}}],"collection":[{"href":"https:\/\/pigeonposted.com\/pl\/wp-json\/wp\/v2\/product"}],"about":[{"href":"https:\/\/pigeonposted.com\/pl\/wp-json\/wp\/v2\/types\/product"}],"wp:featuredmedia":[{"embeddable":true,"href":"https:\/\/pigeonposted.com\/pl\/wp-json\/wp\/v2\/media\/19771"}],"wp:attachment":[{"href":"https:\/\/pigeonposted.com\/pl\/wp-json\/wp\/v2\/media?parent=19742"}],"wp:term":[{"taxonomy":"product_brand","embeddable":true,"href":"https:\/\/pigeonposted.com\/pl\/wp-json\/wp\/v2\/product_brand?post=19742"},{"taxonomy":"product_cat","embeddable":true,"href":"https:\/\/pigeonposted.com\/pl\/wp-json\/wp\/v2\/product_cat?post=19742"},{"taxonomy":"product_tag","embeddable":true,"href":"https:\/\/pigeonposted.com\/pl\/wp-json\/wp\/v2\/product_tag?post=19742"}],"curies":[{"name":"wp","href":"https:\/\/api.w.org\/{rel}","templated":true}]}}