{"id":19080,"date":"2024-06-07T17:01:33","date_gmt":"2024-06-07T16:01:33","guid":{"rendered":"https:\/\/pigeonposted.com\/?post_type=product&#038;p=19080"},"modified":"2025-11-17T15:09:56","modified_gmt":"2025-11-17T15:09:56","slug":"bezpieczny-golab-portowy","status":"publish","type":"product","link":"https:\/\/pigeonposted.com\/pl\/product\/safe-harbour-pigeon\/","title":{"rendered":"Go\u0142\u0105b Safe Harbour"},"content":{"rendered":"<p>Zainspirowane nadmorskimi zatoczkami i ukrytymi portami Kornwalii, te wspania\u0142e go\u0142\u0119bie Safe Harbour s\u0105 idealnym sposobem na podzielenie si\u0119 wiadomo\u015bciami, rozweselenie i by\u0107 mo\u017ce stworzenie spokojnych i koj\u0105cych chwil dla przyjaciela lub ukochanej osoby, na l\u0105dzie lub morzu.<\/p>\n<p><em>6 go\u0142\u0119bi w opakowaniu - wszystkie r\u00f3\u017cne.<\/em><\/p>","protected":false},"excerpt":{"rendered":"<p>Zainspirowane nadmorskimi zatoczkami i ukrytymi portami Kornwalii, te wspania\u0142e go\u0142\u0119bie Safe Harbour s\u0105 idealnym sposobem na podzielenie si\u0119 wiadomo\u015bciami, rozweselenie i by\u0107 mo\u017ce stworzenie spokojnych chwil dla przyjaciela.<\/p>","protected":false},"featured_media":21859,"template":"","meta":{"_acf_changed":false},"product_brand":[],"product_cat":[23],"product_tag":[],"class_list":{"0":"post-19080","1":"product","2":"type-product","3":"status-publish","4":"has-post-thumbnail","6":"product_cat-pigeons","7":"sales-flash-overlay","8":"woocommerce-text-align-center","9":"woocommerce-image-align-center","10":"do-quantity-buttons","11":"wc-has-gallery","13":"first","14":"instock","15":"taxable","16":"shipping-taxable","17":"purchasable","18":"product-type-simple"},"acf":[],"aioseo_notices":[],"jetpack_sharing_enabled":true,"_links":{"self":[{"href":"https:\/\/pigeonposted.com\/pl\/wp-json\/wp\/v2\/product\/19080","targetHints":{"allow":["GET"]}}],"collection":[{"href":"https:\/\/pigeonposted.com\/pl\/wp-json\/wp\/v2\/product"}],"about":[{"href":"https:\/\/pigeonposted.com\/pl\/wp-json\/wp\/v2\/types\/product"}],"wp:featuredmedia":[{"embeddable":true,"href":"https:\/\/pigeonposted.com\/pl\/wp-json\/wp\/v2\/media\/21859"}],"wp:attachment":[{"href":"https:\/\/pigeonposted.com\/pl\/wp-json\/wp\/v2\/media?parent=19080"}],"wp:term":[{"taxonomy":"product_brand","embeddable":true,"href":"https:\/\/pigeonposted.com\/pl\/wp-json\/wp\/v2\/product_brand?post=19080"},{"taxonomy":"product_cat","embeddable":true,"href":"https:\/\/pigeonposted.com\/pl\/wp-json\/wp\/v2\/product_cat?post=19080"},{"taxonomy":"product_tag","embeddable":true,"href":"https:\/\/pigeonposted.com\/pl\/wp-json\/wp\/v2\/product_tag?post=19080"}],"curies":[{"name":"wp","href":"https:\/\/api.w.org\/{rel}","templated":true}]}}