{"id":15076,"date":"2022-03-28T19:42:38","date_gmt":"2022-03-28T18:42:38","guid":{"rendered":"https:\/\/pigeonposted.com\/?post_type=product&#038;p=15076"},"modified":"2025-11-17T15:31:36","modified_gmt":"2025-11-17T15:31:36","slug":"golebie-hebrajskie","status":"publish","type":"product","link":"https:\/\/pigeonposted.com\/pl\/product\/hebridean-pigeons\/","title":{"rendered":"Go\u0142\u0119bie Hebrydzkie"},"content":{"rendered":"<p>Pochodz\u0105ca ze Szkocji grafik Lisa Hooper w zachwycaj\u0105cy spos\u00f3b uchwyci\u0142a prost\u0105 elegancj\u0119 i uderzaj\u0105ce formy ostrygojad\u00f3w, kulik\u00f3w i sieweczek obro\u017cnych na tle delikatnych odcieni ich przybrze\u017cnych siedlisk. Zainspirowany wspania\u0142ymi rodzinnymi wakacjami na wyspie Tiree, Hebridean Pigeon celebruje cuda i ptaki wodno-b\u0142otne szkockiej przyrody wyspowej, przynosz\u0105c \"odrobin\u0119\" Hebryd\u00f3w do w\u0142asnego domu.<\/p>\n<p><em>6 go\u0142\u0119bi w opakowaniu - ka\u017cdy z innym wzorem.<\/em><\/p>","protected":false},"excerpt":{"rendered":"<p>Celebruj\u0105c cuda i watahy dzikiej przyrody szkockich wysp i przenosz\u0105c odrobin\u0119 Hebryd\u00f3w do w\u0142asnego domu.<\/p>","protected":false},"featured_media":21892,"template":"","meta":{"_acf_changed":false},"product_brand":[],"product_cat":[23],"product_tag":[],"class_list":{"0":"post-15076","1":"product","2":"type-product","3":"status-publish","4":"has-post-thumbnail","6":"product_cat-pigeons","7":"sales-flash-overlay","8":"woocommerce-text-align-center","9":"woocommerce-image-align-center","10":"do-quantity-buttons","11":"wc-has-gallery","13":"first","14":"instock","15":"taxable","16":"shipping-taxable","17":"purchasable","18":"product-type-simple"},"acf":[],"aioseo_notices":[],"jetpack_sharing_enabled":true,"_links":{"self":[{"href":"https:\/\/pigeonposted.com\/pl\/wp-json\/wp\/v2\/product\/15076","targetHints":{"allow":["GET"]}}],"collection":[{"href":"https:\/\/pigeonposted.com\/pl\/wp-json\/wp\/v2\/product"}],"about":[{"href":"https:\/\/pigeonposted.com\/pl\/wp-json\/wp\/v2\/types\/product"}],"wp:featuredmedia":[{"embeddable":true,"href":"https:\/\/pigeonposted.com\/pl\/wp-json\/wp\/v2\/media\/21892"}],"wp:attachment":[{"href":"https:\/\/pigeonposted.com\/pl\/wp-json\/wp\/v2\/media?parent=15076"}],"wp:term":[{"taxonomy":"product_brand","embeddable":true,"href":"https:\/\/pigeonposted.com\/pl\/wp-json\/wp\/v2\/product_brand?post=15076"},{"taxonomy":"product_cat","embeddable":true,"href":"https:\/\/pigeonposted.com\/pl\/wp-json\/wp\/v2\/product_cat?post=15076"},{"taxonomy":"product_tag","embeddable":true,"href":"https:\/\/pigeonposted.com\/pl\/wp-json\/wp\/v2\/product_tag?post=15076"}],"curies":[{"name":"wp","href":"https:\/\/api.w.org\/{rel}","templated":true}]}}