{"id":11400,"date":"2020-05-22T12:16:26","date_gmt":"2020-05-22T11:16:26","guid":{"rendered":"https:\/\/pigeonposted.com\/?post_type=product&#038;p=11400"},"modified":"2025-11-18T16:52:43","modified_gmt":"2025-11-18T16:52:43","slug":"golebie-dzikiego-kwiatu","status":"publish","type":"product","link":"https:\/\/pigeonposted.com\/pl\/product\/wildflower-pigeons\/","title":{"rendered":"Go\u0142\u0119bie Wildflower"},"content":{"rendered":"<p>Dlaczego nie powiedzie\u0107 tego kwiatami? Tutaj, w Pigeon Loft, \u015bwi\u0119tujemy polne kwiaty w ich wspania\u0142ej chwale. Te go\u0142\u0119bie z kolekcji Wildflower s\u0105 kolorowe i nieco chaotyczne, troch\u0119 jak nasze angielskie \u017cywop\u0142oty. Wybierz nasz\u0105 kolekcj\u0119 dzikich kwiat\u00f3w i wy\u015blij swojemu przyjacielowi pi\u0119kny powiew \u015bwie\u017cego powietrza.<\/p>\n<p><em>6 go\u0142\u0119bi w opakowaniu - ka\u017cdy z innym wzorem.<\/em><\/p>","protected":false},"excerpt":{"rendered":"<p>Celebracja dzikich kwiat\u00f3w w ich wspania\u0142ej chwale! Wybierz nasz\u0105 kolekcj\u0119 dzikich kwiat\u00f3w - ulubion\u0105 od momentu jej wprowadzenia na rynek - i wy\u015blij swojemu przyjacielowi pi\u0119kny powiew \u015bwie\u017cego powietrza.<\/p>","protected":false},"featured_media":21925,"template":"","meta":{"_acf_changed":false},"product_brand":[],"product_cat":[23],"product_tag":[],"class_list":{"0":"post-11400","1":"product","2":"type-product","3":"status-publish","4":"has-post-thumbnail","6":"product_cat-pigeons","7":"sales-flash-overlay","8":"woocommerce-text-align-center","9":"woocommerce-image-align-center","10":"do-quantity-buttons","11":"wc-has-gallery","13":"first","14":"instock","15":"taxable","16":"shipping-taxable","17":"purchasable","18":"product-type-simple"},"acf":[],"aioseo_notices":[],"jetpack_sharing_enabled":true,"_links":{"self":[{"href":"https:\/\/pigeonposted.com\/pl\/wp-json\/wp\/v2\/product\/11400","targetHints":{"allow":["GET"]}}],"collection":[{"href":"https:\/\/pigeonposted.com\/pl\/wp-json\/wp\/v2\/product"}],"about":[{"href":"https:\/\/pigeonposted.com\/pl\/wp-json\/wp\/v2\/types\/product"}],"wp:featuredmedia":[{"embeddable":true,"href":"https:\/\/pigeonposted.com\/pl\/wp-json\/wp\/v2\/media\/21925"}],"wp:attachment":[{"href":"https:\/\/pigeonposted.com\/pl\/wp-json\/wp\/v2\/media?parent=11400"}],"wp:term":[{"taxonomy":"product_brand","embeddable":true,"href":"https:\/\/pigeonposted.com\/pl\/wp-json\/wp\/v2\/product_brand?post=11400"},{"taxonomy":"product_cat","embeddable":true,"href":"https:\/\/pigeonposted.com\/pl\/wp-json\/wp\/v2\/product_cat?post=11400"},{"taxonomy":"product_tag","embeddable":true,"href":"https:\/\/pigeonposted.com\/pl\/wp-json\/wp\/v2\/product_tag?post=11400"}],"curies":[{"name":"wp","href":"https:\/\/api.w.org\/{rel}","templated":true}]}}