{"id":11386,"date":"2020-05-22T12:17:26","date_gmt":"2020-05-22T11:17:26","guid":{"rendered":"https:\/\/pigeonposted.com\/?post_type=product&#038;p=11386"},"modified":"2025-11-17T15:24:47","modified_gmt":"2025-11-17T15:24:47","slug":"golebie-o-swicie","status":"publish","type":"product","link":"https:\/\/pigeonposted.com\/pl\/product\/dawn-chorus-pigeons\/","title":{"rendered":"Dawn Chorus Pigeons"},"content":{"rendered":"<p>Czas na wyznanie. The Pigeon Loft nie jest dok\u0142adnie opanowany przez Porannych Ludzi. Potrzeba fili\u017canki herbaty (lub dw\u00f3ch), aby\u015bmy poczuli si\u0119 najbardziej przyja\u017ani. Ale kto mo\u017ce sprzeciwi\u0107 si\u0119 \u015bpiewowi ptak\u00f3w? Nasze go\u0142\u0119bie Dawn Chorus celebruj\u0105 entuzjazm tych pierzastych przyjaci\u00f3\u0142, kt\u00f3rzy \u015bpiewaj\u0105 nam o coraz wcze\u015bniejszej porze. Kosy, szczyg\u0142y i modraszki... pozdrawiamy was!<\/p>\n<p><em>6 go\u0142\u0119bi w opakowaniu - ka\u017cdy z innym wzorem.<\/em><\/p>","protected":false},"excerpt":{"rendered":"<p>Nasz ch\u00f3r go\u0142\u0119bi \u015bwi\u0119tuje entuzjazm naszych pierzastych przyjaci\u00f3\u0142, kos\u00f3w, szczyg\u0142\u00f3w i sikorek, kt\u00f3re \u015bpiewaj\u0105 nam o coraz wcze\u015bniejszej porze...<\/p>","protected":false},"featured_media":21878,"template":"","meta":{"_acf_changed":false},"product_brand":[],"product_cat":[23],"product_tag":[],"class_list":{"0":"post-11386","1":"product","2":"type-product","3":"status-publish","4":"has-post-thumbnail","6":"product_cat-pigeons","7":"sales-flash-overlay","8":"woocommerce-text-align-center","9":"woocommerce-image-align-center","10":"do-quantity-buttons","11":"wc-has-gallery","13":"first","14":"instock","15":"taxable","16":"shipping-taxable","17":"purchasable","18":"product-type-simple"},"acf":[],"aioseo_notices":[],"jetpack_sharing_enabled":true,"_links":{"self":[{"href":"https:\/\/pigeonposted.com\/pl\/wp-json\/wp\/v2\/product\/11386","targetHints":{"allow":["GET"]}}],"collection":[{"href":"https:\/\/pigeonposted.com\/pl\/wp-json\/wp\/v2\/product"}],"about":[{"href":"https:\/\/pigeonposted.com\/pl\/wp-json\/wp\/v2\/types\/product"}],"wp:featuredmedia":[{"embeddable":true,"href":"https:\/\/pigeonposted.com\/pl\/wp-json\/wp\/v2\/media\/21878"}],"wp:attachment":[{"href":"https:\/\/pigeonposted.com\/pl\/wp-json\/wp\/v2\/media?parent=11386"}],"wp:term":[{"taxonomy":"product_brand","embeddable":true,"href":"https:\/\/pigeonposted.com\/pl\/wp-json\/wp\/v2\/product_brand?post=11386"},{"taxonomy":"product_cat","embeddable":true,"href":"https:\/\/pigeonposted.com\/pl\/wp-json\/wp\/v2\/product_cat?post=11386"},{"taxonomy":"product_tag","embeddable":true,"href":"https:\/\/pigeonposted.com\/pl\/wp-json\/wp\/v2\/product_tag?post=11386"}],"curies":[{"name":"wp","href":"https:\/\/api.w.org\/{rel}","templated":true}]}}