{"id":1118,"date":"2019-06-10T11:02:31","date_gmt":"2019-06-10T10:02:31","guid":{"rendered":"https:\/\/pigeonposted.com\/?post_type=product&#038;p=1118"},"modified":"2026-04-28T16:32:00","modified_gmt":"2026-04-28T15:32:00","slug":"znaczki-6-x-1-klasa","status":"publish","type":"product","link":"https:\/\/pigeonposted.com\/pl\/product\/stamps-6-x-1st-class\/","title":{"rendered":"Znaczki - 6 x 1. klasa"},"content":{"rendered":"<p>Dodaj zestaw 6 znaczk\u00f3w pierwszej klasy do swojego zam\u00f3wienia i zaoszcz\u0119d\u017a na zakupach. Losowy wyb\u00f3r starych i nowych znaczk\u00f3w (i nie martw si\u0119, nawet je\u015bli nie maj\u0105 nowych kod\u00f3w kreskowych, te znaczki s\u0105 nadal wa\u017cne do wysy\u0142ki - bezterminowo!).<\/p>","protected":false},"excerpt":{"rendered":"<p>Dodaj zestaw 6 znaczk\u00f3w pierwszej klasy do swojego zam\u00f3wienia i zaoszcz\u0119d\u017a na zakupach. Losowy wyb\u00f3r starych i nowych znaczk\u00f3w (i nie martw si\u0119, nawet je\u015bli nie maj\u0105 nowych kod\u00f3w kreskowych, te znaczki s\u0105 nadal wa\u017cne do wysy\u0142ki - bezterminowo!).<\/p>","protected":false},"featured_media":14519,"template":"","meta":{"_acf_changed":false},"product_brand":[],"product_cat":[26],"product_tag":[],"class_list":{"0":"post-1118","1":"product","2":"type-product","3":"status-publish","4":"has-post-thumbnail","6":"product_cat-stamps","7":"sales-flash-overlay","8":"woocommerce-text-align-center","9":"woocommerce-image-align-center","10":"do-quantity-buttons","12":"first","13":"instock","14":"taxable","15":"shipping-taxable","16":"purchasable","17":"product-type-simple"},"acf":[],"aioseo_notices":[],"jetpack_sharing_enabled":true,"_links":{"self":[{"href":"https:\/\/pigeonposted.com\/pl\/wp-json\/wp\/v2\/product\/1118","targetHints":{"allow":["GET"]}}],"collection":[{"href":"https:\/\/pigeonposted.com\/pl\/wp-json\/wp\/v2\/product"}],"about":[{"href":"https:\/\/pigeonposted.com\/pl\/wp-json\/wp\/v2\/types\/product"}],"wp:featuredmedia":[{"embeddable":true,"href":"https:\/\/pigeonposted.com\/pl\/wp-json\/wp\/v2\/media\/14519"}],"wp:attachment":[{"href":"https:\/\/pigeonposted.com\/pl\/wp-json\/wp\/v2\/media?parent=1118"}],"wp:term":[{"taxonomy":"product_brand","embeddable":true,"href":"https:\/\/pigeonposted.com\/pl\/wp-json\/wp\/v2\/product_brand?post=1118"},{"taxonomy":"product_cat","embeddable":true,"href":"https:\/\/pigeonposted.com\/pl\/wp-json\/wp\/v2\/product_cat?post=1118"},{"taxonomy":"product_tag","embeddable":true,"href":"https:\/\/pigeonposted.com\/pl\/wp-json\/wp\/v2\/product_tag?post=1118"}],"curies":[{"name":"wp","href":"https:\/\/api.w.org\/{rel}","templated":true}]}}