{"id":23133,"date":"2026-04-24T15:30:50","date_gmt":"2026-04-24T14:30:50","guid":{"rendered":"https:\/\/pigeonposted.com\/?post_type=product&#038;p=23133"},"modified":"2026-04-24T15:50:36","modified_gmt":"2026-04-24T14:50:36","slug":"arany-galamb","status":"publish","type":"product","link":"https:\/\/pigeonposted.com\/hu\/product\/golden-flight-pigeon\/","title":{"rendered":"Golden Flight Galamb"},"content":{"rendered":"<p>Jackie Morris m\u0171v\u00e9szn\u0151 k\u00e9sz\u00edtette ezeket a csod\u00e1latosan bonyolult festm\u00e9nyeket, amelyeken a f\u00e9nyben megcsillan az aranylev\u00e9l, felh\u00edvva a figyelmet e madarak szent sz\u00e9ps\u00e9g\u00e9re, \u00e9s tisztelegve a term\u00e9szetben elfoglalt hely\u00fck el\u0151tt. Nyissa ki az ablakot, \u00e9s figyeljen az \u00e9nek\u00fckre, mik\u00f6zben \u00edr valakinek, akit kedvesnek tart. Azt\u00e1n post\u00e1zza, \u00e9s hagyja, hogy sz\u00e1rnyra kapjon.<\/p>\n<p><em>6 galamb csomagonk\u00e9nt - 3 illusztr\u00e1ci\u00f3b\u00f3l 2 darab (aranysak\u00e1l, fecske \u00e9s cs\u00f3ka)<\/em><\/p>","protected":false},"excerpt":{"rendered":"<p>Jackie Morris m\u0171v\u00e9szn\u0151 alkotta meg ezeket a csod\u00e1latosan bonyolult festm\u00e9nyeket, amelyeken az aranylev\u00e9l csillog a f\u00e9nyben, \u00e9s felh\u00edvja a figyelm\u00fcnket ezekre a szent sz\u00e9ps\u00e9gekre. Nyiss\u00e1tok ki az ablakotokat, \u00e9s figyeljetek a dalukra, mik\u00f6zben \u00edrj\u00e1tok valakinek, aki kedves sz\u00e1motokra.<\/p>","protected":false},"featured_media":23141,"template":"","meta":{"_acf_changed":false},"product_brand":[],"product_cat":[23],"product_tag":[],"class_list":{"0":"post-23133","1":"product","2":"type-product","3":"status-publish","4":"has-post-thumbnail","6":"product_cat-pigeons","7":"sales-flash-overlay","8":"woocommerce-text-align-center","9":"woocommerce-image-align-center","10":"do-quantity-buttons","11":"wc-has-gallery","13":"first","14":"instock","15":"taxable","16":"shipping-taxable","17":"purchasable","18":"product-type-simple"},"acf":[],"aioseo_notices":[],"jetpack_sharing_enabled":true,"_links":{"self":[{"href":"https:\/\/pigeonposted.com\/hu\/wp-json\/wp\/v2\/product\/23133","targetHints":{"allow":["GET"]}}],"collection":[{"href":"https:\/\/pigeonposted.com\/hu\/wp-json\/wp\/v2\/product"}],"about":[{"href":"https:\/\/pigeonposted.com\/hu\/wp-json\/wp\/v2\/types\/product"}],"wp:featuredmedia":[{"embeddable":true,"href":"https:\/\/pigeonposted.com\/hu\/wp-json\/wp\/v2\/media\/23141"}],"wp:attachment":[{"href":"https:\/\/pigeonposted.com\/hu\/wp-json\/wp\/v2\/media?parent=23133"}],"wp:term":[{"taxonomy":"product_brand","embeddable":true,"href":"https:\/\/pigeonposted.com\/hu\/wp-json\/wp\/v2\/product_brand?post=23133"},{"taxonomy":"product_cat","embeddable":true,"href":"https:\/\/pigeonposted.com\/hu\/wp-json\/wp\/v2\/product_cat?post=23133"},{"taxonomy":"product_tag","embeddable":true,"href":"https:\/\/pigeonposted.com\/hu\/wp-json\/wp\/v2\/product_tag?post=23133"}],"curies":[{"name":"wp","href":"https:\/\/api.w.org\/{rel}","templated":true}]}}