{"id":19737,"date":"2024-10-21T13:34:52","date_gmt":"2024-10-21T12:34:52","guid":{"rendered":"https:\/\/pigeonposted.com\/?post_type=product&#038;p=19737"},"modified":"2026-04-10T21:02:51","modified_gmt":"2026-04-10T20:02:51","slug":"kezi-kezbesito-belyegek-altalanossagban","status":"publish","type":"product","link":"https:\/\/pigeonposted.com\/hu\/product\/hand-delivery-stamps-general\/","title":{"rendered":"K\u00e9zbes\u00edt\u0151 b\u00e9lyegz\u0151k <span>(Alkalmas b\u00e1rmilyen galamb diz\u00e1jnhoz)<\/span>"},"content":{"rendered":"<p>Ezek a b\u00e9lyegek arra val\u00f3k, ha egy galambot szeretn\u00e9l k\u00e9zbes\u00edteni egy bar\u00e1todnak. Minden terv\u00fcnkkel haszn\u00e1lhat\u00f3ak, \u00e9s egy 6 darabos, praktikus csomagban \u00e9rkeznek, mindegyik m\u00e1s sz\u00ednben.<\/p>\n<p>V\u00e1s\u00e1rl\u00e1shoz <em>a  c\u00edmen<\/em> Galambok (k\u00fcl\u00f6n nem kaphat\u00f3k).<\/p>\n<p>(NEM a Royal Mail, USPS vagy b\u00e1rmely m\u00e1s nemzeti postafuvaroz\u00f3 \u00e1ltal t\u00f6rt\u00e9n\u0151 post\u00e1z\u00e1sra).<\/p>","protected":false},"excerpt":{"rendered":"<p>Ezek a b\u00e9lyegek arra val\u00f3k, ha egy galambot szeretn\u00e9l k\u00e9zbes\u00edteni egy bar\u00e1todnak. Minden terv\u00fcnkkel haszn\u00e1lhat\u00f3ak, \u00e9s egy 6 darabos, praktikus csomagban \u00e9rkeznek, mindegyik m\u00e1s sz\u00ednben. Galambokkal val\u00f3 v\u00e1s\u00e1rl\u00e1shoz (k\u00fcl\u00f6n nem kaphat\u00f3k). (NEM a Royal Mail, USPS vagy m\u00e1s nemzeti postafuvaroz\u00f3kon kereszt\u00fcl t\u00f6rt\u00e9n\u0151 post\u00e1z\u00e1shoz).<\/p>","protected":false},"featured_media":19772,"template":"","meta":{"_acf_changed":false},"product_brand":[],"product_cat":[26],"product_tag":[],"class_list":{"0":"post-19737","1":"product","2":"type-product","3":"status-publish","4":"has-post-thumbnail","6":"product_cat-stamps","7":"sales-flash-overlay","8":"woocommerce-text-align-center","9":"woocommerce-image-align-center","10":"do-quantity-buttons","12":"first","13":"instock","14":"taxable","15":"shipping-taxable","16":"purchasable","17":"product-type-simple"},"acf":[],"aioseo_notices":[],"jetpack_sharing_enabled":true,"_links":{"self":[{"href":"https:\/\/pigeonposted.com\/hu\/wp-json\/wp\/v2\/product\/19737","targetHints":{"allow":["GET"]}}],"collection":[{"href":"https:\/\/pigeonposted.com\/hu\/wp-json\/wp\/v2\/product"}],"about":[{"href":"https:\/\/pigeonposted.com\/hu\/wp-json\/wp\/v2\/types\/product"}],"wp:featuredmedia":[{"embeddable":true,"href":"https:\/\/pigeonposted.com\/hu\/wp-json\/wp\/v2\/media\/19772"}],"wp:attachment":[{"href":"https:\/\/pigeonposted.com\/hu\/wp-json\/wp\/v2\/media?parent=19737"}],"wp:term":[{"taxonomy":"product_brand","embeddable":true,"href":"https:\/\/pigeonposted.com\/hu\/wp-json\/wp\/v2\/product_brand?post=19737"},{"taxonomy":"product_cat","embeddable":true,"href":"https:\/\/pigeonposted.com\/hu\/wp-json\/wp\/v2\/product_cat?post=19737"},{"taxonomy":"product_tag","embeddable":true,"href":"https:\/\/pigeonposted.com\/hu\/wp-json\/wp\/v2\/product_tag?post=19737"}],"curies":[{"name":"wp","href":"https:\/\/api.w.org\/{rel}","templated":true}]}}