{"id":19595,"date":"2024-10-01T14:01:43","date_gmt":"2024-10-01T13:01:43","guid":{"rendered":"https:\/\/pigeonposted.com\/?post_type=product&#038;p=19595"},"modified":"2025-11-17T15:12:55","modified_gmt":"2025-11-17T15:12:55","slug":"biztonsagos-kikoto-galamb-2","status":"publish","type":"product","link":"https:\/\/pigeonposted.com\/hu\/product\/wild-lives-pigeon\/","title":{"rendered":"Vad \u00e9letek galamb"},"content":{"rendered":"<p>Az els\u0151 k\u00e9t galambk\u00e9szlet\u00fcnk egyike a gyerekeknek (minden koroszt\u00e1ly sz\u00e1m\u00e1ra). \u00cdrd \u00e9s k\u00fcldd el \u0151ket az \u00e9letedben \u00e9l\u0151 gyerekeknek, vagy adj nekik egy csomagot, hogy \u00edrjanak a bar\u00e1taiknak. Im\u00e1dni fogj\u00e1k haszn\u00e1lni \u0151ket k\u00f6sz\u00f6n\u0151levelekre (nincs t\u00f6bb\u00e9 zaklat\u00e1s!), partimegh\u00edv\u00e1sokra \u00e9s sz\u00f3rakoztat\u00f3 h\u00edrek megoszt\u00e1s\u00e1ra.<\/p>\n<p><em>6 galamb csomagonk\u00e9nt - mindegyik k\u00fcl\u00f6nb\u00f6z\u0151.<\/em><\/p>","protected":false},"excerpt":{"rendered":"<p>Az egyik legels\u0151 galambk\u00e9szlet\u00fcnk gyerekeknek. \u00cdrd \u00e9s k\u00fcldd el \u0151ket az \u00e9letedben \u00e9l\u0151 gyerekeknek, vagy adj nekik egy csomagot, hogy \u00edrjanak a bar\u00e1taiknak. Im\u00e1dni fogj\u00e1k haszn\u00e1lni \u0151ket k\u00f6sz\u00f6n\u0151levelek (nincs t\u00f6bb\u00e9 zaklat\u00e1s!), parti megh\u00edv\u00f3k \u00e9s sz\u00f3rakoztat\u00f3 h\u00edrek megoszt\u00e1s\u00e1ra.<\/p>","protected":false},"featured_media":21864,"template":"","meta":{"_acf_changed":false},"product_brand":[],"product_cat":[23],"product_tag":[821],"class_list":{"0":"post-19595","1":"product","2":"type-product","3":"status-publish","4":"has-post-thumbnail","6":"product_cat-pigeons","7":"product_tag-for-kids","8":"sales-flash-overlay","9":"woocommerce-text-align-center","10":"woocommerce-image-align-center","11":"do-quantity-buttons","12":"wc-has-gallery","14":"first","15":"instock","16":"taxable","17":"shipping-taxable","18":"purchasable","19":"product-type-simple"},"acf":[],"aioseo_notices":[],"jetpack_sharing_enabled":true,"_links":{"self":[{"href":"https:\/\/pigeonposted.com\/hu\/wp-json\/wp\/v2\/product\/19595","targetHints":{"allow":["GET"]}}],"collection":[{"href":"https:\/\/pigeonposted.com\/hu\/wp-json\/wp\/v2\/product"}],"about":[{"href":"https:\/\/pigeonposted.com\/hu\/wp-json\/wp\/v2\/types\/product"}],"wp:featuredmedia":[{"embeddable":true,"href":"https:\/\/pigeonposted.com\/hu\/wp-json\/wp\/v2\/media\/21864"}],"wp:attachment":[{"href":"https:\/\/pigeonposted.com\/hu\/wp-json\/wp\/v2\/media?parent=19595"}],"wp:term":[{"taxonomy":"product_brand","embeddable":true,"href":"https:\/\/pigeonposted.com\/hu\/wp-json\/wp\/v2\/product_brand?post=19595"},{"taxonomy":"product_cat","embeddable":true,"href":"https:\/\/pigeonposted.com\/hu\/wp-json\/wp\/v2\/product_cat?post=19595"},{"taxonomy":"product_tag","embeddable":true,"href":"https:\/\/pigeonposted.com\/hu\/wp-json\/wp\/v2\/product_tag?post=19595"}],"curies":[{"name":"wp","href":"https:\/\/api.w.org\/{rel}","templated":true}]}}