{"id":1118,"date":"2019-06-10T11:02:31","date_gmt":"2019-06-10T10:02:31","guid":{"rendered":"https:\/\/pigeonposted.com\/?post_type=product&#038;p=1118"},"modified":"2026-04-16T13:40:28","modified_gmt":"2026-04-16T12:40:28","slug":"belyegek-6-x-1-osztalyu","status":"publish","type":"product","link":"https:\/\/pigeonposted.com\/hu\/product\/stamps-6-x-1st-class\/","title":{"rendered":"B\u00e9lyegek - 6 x 1. oszt\u00e1ly\u00fa"},"content":{"rendered":"<p>Adjon a megrendel\u00e9s\u00e9hez 6 darab els\u0151 oszt\u00e1ly\u00fa b\u00e9lyegk\u00e9szletet, \u00e9s sp\u00f3rolja meg a boltokba j\u00e1r\u00e1st. V\u00e9letlenszer\u0171 v\u00e1logat\u00e1s r\u00e9gi \u00e9s \u00faj b\u00e9lyegekb\u0151l (\u00e9s ne agg\u00f3djon, m\u00e9g ha nincs is rajtuk az \u00faj vonalk\u00f3d, ezek a b\u00e9lyegek m\u00e9g mindig \u00e9rv\u00e9nyesek a postai k\u00fcldem\u00e9nyre - korl\u00e1tlan ideig!).<\/p>","protected":false},"excerpt":{"rendered":"<p>Adjon a megrendel\u00e9s\u00e9hez 6 darab els\u0151 oszt\u00e1ly\u00fa b\u00e9lyegk\u00e9szletet, \u00e9s sp\u00f3rolja meg a boltokba j\u00e1r\u00e1st. V\u00e9letlenszer\u0171 v\u00e1logat\u00e1s r\u00e9gi \u00e9s \u00faj b\u00e9lyegekb\u0151l (\u00e9s ne agg\u00f3djon, m\u00e9g ha nincs is rajtuk az \u00faj vonalk\u00f3d, ezek a b\u00e9lyegek m\u00e9g mindig \u00e9rv\u00e9nyesek a postai k\u00fcldem\u00e9nyre - korl\u00e1tlan ideig!).<\/p>","protected":false},"featured_media":14519,"template":"","meta":{"_acf_changed":false},"product_brand":[],"product_cat":[26],"product_tag":[],"class_list":{"0":"post-1118","1":"product","2":"type-product","3":"status-publish","4":"has-post-thumbnail","6":"product_cat-stamps","7":"sales-flash-overlay","8":"woocommerce-text-align-center","9":"woocommerce-image-align-center","10":"do-quantity-buttons","12":"first","13":"instock","14":"taxable","15":"shipping-taxable","16":"purchasable","17":"product-type-simple"},"acf":[],"aioseo_notices":[],"jetpack_sharing_enabled":true,"_links":{"self":[{"href":"https:\/\/pigeonposted.com\/hu\/wp-json\/wp\/v2\/product\/1118","targetHints":{"allow":["GET"]}}],"collection":[{"href":"https:\/\/pigeonposted.com\/hu\/wp-json\/wp\/v2\/product"}],"about":[{"href":"https:\/\/pigeonposted.com\/hu\/wp-json\/wp\/v2\/types\/product"}],"wp:featuredmedia":[{"embeddable":true,"href":"https:\/\/pigeonposted.com\/hu\/wp-json\/wp\/v2\/media\/14519"}],"wp:attachment":[{"href":"https:\/\/pigeonposted.com\/hu\/wp-json\/wp\/v2\/media?parent=1118"}],"wp:term":[{"taxonomy":"product_brand","embeddable":true,"href":"https:\/\/pigeonposted.com\/hu\/wp-json\/wp\/v2\/product_brand?post=1118"},{"taxonomy":"product_cat","embeddable":true,"href":"https:\/\/pigeonposted.com\/hu\/wp-json\/wp\/v2\/product_cat?post=1118"},{"taxonomy":"product_tag","embeddable":true,"href":"https:\/\/pigeonposted.com\/hu\/wp-json\/wp\/v2\/product_tag?post=1118"}],"curies":[{"name":"wp","href":"https:\/\/api.w.org\/{rel}","templated":true}]}}