{"id":78,"date":"2019-04-04T11:11:36","date_gmt":"2019-04-04T10:11:36","guid":{"rendered":"https:\/\/pigeonposted.com\/?page_id=78"},"modified":"2024-07-08T18:49:28","modified_gmt":"2024-07-08T17:49:28","slug":"rolunk","status":"publish","type":"page","link":"https:\/\/pigeonposted.com\/hu\/about-us\/","title":{"rendered":"A  oldalr\u00f3l"},"content":{"rendered":"<h1>\n\t\tMi az a Pigeon?\n\t<\/h1>\n\t<p>Az origami \u00e1ltal ihletett Pigeon a lev\u00e9l \u00e9s a bor\u00edt\u00e9k gy\u00f6ny\u00f6r\u0171en kidolgozott kombin\u00e1ci\u00f3ja. A csomagonk\u00e9nt hat el\u0151re \u00f6sszehajtogatott lev\u00e9l, amelyek saj\u00e1t bor\u00edt\u00e9kba hajtogatva \u00e9s b\u00e9lyegz\u0151vel lez\u00e1rva m\u00e9lyen kiel\u00e9g\u00edt\u0151 \u00e9s szem\u00e9lyesebb alternat\u00edv\u00e1t ny\u00fajtanak a manaps\u00e1g a kommunik\u00e1ci\u00f3ra haszn\u00e1lt, \u00e1lland\u00f3an el\u00e9rhet\u0151, azonnali kiel\u00e9g\u00fcl\u00e9st biztos\u00edt\u00f3 eszk\u00f6z\u00f6kkel szemben.<\/p>\n<p>A gy\u0151ztes a <a href=\"https:\/\/louieawards.awardsplatform.com\/gallery\/yJekZDoK?keywords=pigeon&amp;badge=&amp;category=\" target=\"_blank\" rel=\"noopener\"><strong>35. Louie-d\u00edj<\/strong><\/a>, 2024, a Pap\u00edrtechnika \u00e9s innov\u00e1ci\u00f3 ter\u00fclet\u00e9n.<\/p>\n\t\t\t\t<img decoding=\"async\" src=\"https:\/\/eq5n8ahgnsz.exactdn.com\/wp-content\/uploads\/2024\/04\/winnerinstapost3.jpg?strip=all&resize=1200%2C1200\"  alt=\"A Pigeonr\u00f3l\"  itemprop=\"image\" height=\"1920\" width=\"1920\"  title=\"A Pigeonr\u00f3l\"  onerror=\"this.style.display='none'\"  \/>\n\t\t\t\t<img decoding=\"async\" src=\"https:\/\/eq5n8ahgnsz.exactdn.com\/wp-content\/uploads\/2024\/02\/Gift-of-the-year-FINALIST-300x300.jpg?strip=all\"  alt=\"A Pigeonr\u00f3l\"  itemprop=\"image\"  title=\"A Pigeonr\u00f3l\"  onerror=\"this.style.display='none'\" width=\"300\" height=\"300\" \/>\n\t<p>Keresse meg kedvenc toll\u00e1t, egy helyet a naps\u00fct\u00e9sben, \u00e9s \u00f3vatosan t\u00e1rja ki a gy\u00f6ny\u00f6r\u0171en illusztr\u00e1lt pap\u00edrt, hogy felfedje a t\u00f6k\u00e9letes keretet gondolatainak, \u00e9s egy gy\u00f6ny\u00f6r\u0171en m\u00e1sfajta m\u00f3dj\u00e1t annak, hogy megmutassa, gondol valakire.<\/p>\n<p>Shortlisted for <a href=\"https:\/\/www.giftoftheyear.co.uk\/2024-categories\/cards-wraps-and-stationery\/pigeon\" target=\"_blank\" rel=\"noopener\"><strong>Az \u00e9v aj\u00e1nd\u00e9ka<\/strong><\/a> 2024.<\/p>\n<h3>\n\t\tA galamb t\u00f6rt\u00e9net\n\t<\/h3>\n\t<p>John Morse-Brown azut\u00e1n tal\u00e1lta ki a Pigeon \u00f6tlet\u00e9t, hogy megkedvelte a k\u00f6z\u00f6ss\u00e9gi m\u00e9di\u00e1t.<\/p>\n<p>R\u00e1j\u00f6tt, hogy a legt\u00f6bb, ha nem az \u00f6sszes online interakci\u00f3ja el\u00e9gg\u00e9 negat\u00edv volt. Vagy k\u00e9nyszeresen ellen\u0151rizte a posztjait a \"tetsz\u00e9snyilv\u00e1n\u00edt\u00e1s\" miatt, vagy bosszantotta, hogy az emberek felv\u00e1gnak vele \u00e9s t\u00fals\u00e1gosan megosztj\u00e1k. (Val\u00f3sz\u00edn\u0171leg \u0151k is \u00edgy \u00e9reztek vele kapcsolatban). \u00c9s valahogy nem sz\u00e1m\u00edtott, hogy h\u00e1ny l\u00e1jkot kapott a Facebook-bejegyz\u00e9sei, sosem \u00e9rezte el\u00e9gnek. Mindig t\u00f6bbet akart.<\/p>\n<p>Term\u00e9szetesen John szereti a bar\u00e1tait. De ez a sok rohan\u00f3 tev\u00e9kenys\u00e9g nem seg\u00edtette el\u0151 a kapcsolat val\u00f3di \u00e9rz\u00e9s\u00e9t - \u00e9pp ellenkez\u0151leg. \u00dcresnek \u00e9s \u00fcresnek \u00e9rezte mag\u00e1t. \u00cdgy h\u00e1t belev\u00e1gott a m\u00e9lyv\u00edzbe, \u00e9s bez\u00e1rta a k\u00f6z\u00f6ss\u00e9gi m\u00e9dia fi\u00f3kjait.<\/p>\n<p>De azt\u00e1n egy j\u00f3 bar\u00e1tja az Egyes\u00fclt \u00c1llamokba k\u00f6lt\u00f6z\u00f6tt. \u00c9s ez azt jelentette, hogy \u00faj m\u00f3dot kellett tal\u00e1lnia a kapcsolattart\u00e1sra. Nincs t\u00f6bb\u00e9 n\u00e1la l\u00f3g\u00e1s vagy kocsm\u00e1z\u00e1s!<\/p>\n<p>Elgondolkodott a leveleken, \u00e9s m\u00e9g egy csomag Basildon Bond lev\u00e9l\u00edr\u00f3 pap\u00edrt \u00e9s egy monogramos tollat is adott a bar\u00e1tj\u00e1nak, de ez nem nagyon j\u00f6tt be...<\/p>\n<p>\u00c9s ez elgondolkodtatta Johnt. Mint g\u00e9p\u00e9szm\u00e9rn\u00f6ki diplom\u00e1val rendelkez\u0151 grafikus, aki t\u00f6rt\u00e9netesen im\u00e1dja az origamit, ez egy sz\u00f3rakoztat\u00f3 probl\u00e9m\u00e1nak t\u0171nt... \u00dagy d\u00f6nt\u00f6tt, hogy sz\u00fcks\u00e9g van egy olyan m\u00f3dszerre, amely sz\u00f3rakoztat\u00f3v\u00e1, \u00fajszer\u0171v\u00e9, sz\u00e9pp\u00e9 \u00e9s egyszer\u0171v\u00e9 teszi a lev\u00e9l\u00edr\u00e1st.<\/p>\n<p>\u00c9s a Pigeon az eredm\u00e9ny!<\/p>\n<p>A bor\u00edt\u00e9k szerves r\u00e9sze a lev\u00e9lnek, \u00e9s a bele\u00edrand\u00f3 hely nem t\u00fal ijeszt\u0151. N\u00e9ha \u00fagy \u00edrja le, hogy \"mint a Twitter (X), de tollal\". Ha egyszer beindul a levelez\u00e9s, mindig k\u00e9zn\u00e9l lesz a bar\u00e1tod c\u00edme, amit a leg\u00fajabb level\u00e9ben adhatsz \u00e1t. T\u00f6k\u00e9letes m\u00e9ret\u0171ek egy Polaroid fot\u00f3 t\u00e1rol\u00e1s\u00e1ra is, \u00edgy ak\u00e1r egy szelfit is becs\u00fasztathatsz. A formatervez\u00e9snek k\u00f6sz\u00f6nhet\u0151en pedig minden egyes Pigeon egy kis sz\u00e9ps\u00e9g\u0171 t\u00e1rgy.<\/p>\n<p>Ha \u00e1ltal\u00e1ban nem szokt\u00e1l leveleket \u00edrni, akkor v\u00e1ratlan \u00e9lvezetben lesz r\u00e9szed - a teljesen irracion\u00e1lis \u00f6r\u00f6mben, hogy <em>nem<\/em> azonnali v\u00e1laszt kapni az \u00fczenetedre... Napjainkban perverznek hangzik, hogy a v\u00e1rakoz\u00e1s j\u00f3 \u00e9rz\u00e9s lehet. De t\u00e9nyleg \u00edgy van. Igazi \u00f6r\u00f6m, ha tudod, hogy a k\u00f6vetkez\u0151 egy-k\u00e9t napban egy bar\u00e1tod egy teljesen szem\u00e9lyes \u00fczenetet kap t\u0151led - csak t\u0151led, \u00e9s hogy valamikor ezut\u00e1n tal\u00e1n k\u00e9zzel \u00edrott v\u00e1laszt is kapsz. A k\u00e9sleltetett el\u00e9gt\u00e9tel j\u00f3t tesz a l\u00e9leknek!<\/p>\n<p>K\u00fcld\u00e9s <em>egy<\/em> lev\u00e9l a <em>egy<\/em> bar\u00e1t \u00e9s v\u00e1rakoz\u00e1s <em>egy<\/em> a v\u00e1lasz teljesen kiel\u00e9g\u00edt\u0151. Szem\u00e9lyes \u00e9s egyedi; sz\u0171k\u00edtett ad\u00e1s, nem sug\u00e1rz\u00e1s.<\/p>\n<p>B\u00e1rmilyen romantikusan is hangzik, egy lev\u00e9llel a bar\u00e1tod egy kis darabk\u00e1j\u00e1t kapod meg, amit \u00f6r\u00f6kre megtarthatsz. Egy lev\u00e9l meg\u0151rzi az \u00e9rt\u00e9k\u00e9t, \u00e9s ez seg\u00edt fenntartani az igazi bar\u00e1ts\u00e1got. Semmi digit\u00e1lis nem hasonl\u00edthat\u00f3 ehhez.<\/p>\n<strong>John Morse-Brown<br \/>\nm\u00e1jus 2021<\/strong><em><br \/>\n<\/em>","protected":false},"excerpt":{"rendered":"<p>Mi az a Pigeon? Az origami \u00e1ltal inspir\u00e1lt Pigeon a lev\u00e9l \u00e9s a bor\u00edt\u00e9k gy\u00f6ny\u00f6r\u0171en kidolgozott kombin\u00e1ci\u00f3ja. A csomagonk\u00e9nt hat el\u0151re \u00f6sszehajtogatott lev\u00e9l, amelyek saj\u00e1t bor\u00edt\u00e9kba hajtogatva \u00e9s b\u00e9lyegz\u0151vel lez\u00e1rva m\u00e9lyen kiel\u00e9g\u00edt\u0151 \u00e9s szem\u00e9lyesebb alternat\u00edv\u00e1t ny\u00fajtanak az \u00e1lland\u00f3an el\u00e9rhet\u0151, azonnali kiel\u00e9g\u00fcl\u00e9st biztos\u00edt\u00f3 eszk\u00f6z\u00f6kkel szemben, amelyeket manaps\u00e1g mindannyian haszn\u00e1lunk a kommunik\u00e1ci\u00f3ra. Gy\u0151ztes ... <a title=\"A  oldalr\u00f3l\" class=\"read-more\" href=\"https:\/\/pigeonposted.com\/hu\/about-us\/\" aria-label=\"B\u0151vebben a R\u00f3lunk\">Olvass tov\u00e1bb<\/a><\/p>","protected":false},"author":1,"featured_media":0,"parent":0,"menu_order":0,"comment_status":"closed","ping_status":"closed","template":"","meta":{"_acf_changed":false,"footnotes":""},"class_list":["post-78","page","type-page","status-publish"],"acf":[],"aioseo_notices":[],"jetpack_sharing_enabled":true,"_links":{"self":[{"href":"https:\/\/pigeonposted.com\/hu\/wp-json\/wp\/v2\/pages\/78","targetHints":{"allow":["GET"]}}],"collection":[{"href":"https:\/\/pigeonposted.com\/hu\/wp-json\/wp\/v2\/pages"}],"about":[{"href":"https:\/\/pigeonposted.com\/hu\/wp-json\/wp\/v2\/types\/page"}],"author":[{"embeddable":true,"href":"https:\/\/pigeonposted.com\/hu\/wp-json\/wp\/v2\/users\/1"}],"replies":[{"embeddable":true,"href":"https:\/\/pigeonposted.com\/hu\/wp-json\/wp\/v2\/comments?post=78"}],"version-history":[{"count":5,"href":"https:\/\/pigeonposted.com\/hu\/wp-json\/wp\/v2\/pages\/78\/revisions"}],"predecessor-version":[{"id":19295,"href":"https:\/\/pigeonposted.com\/hu\/wp-json\/wp\/v2\/pages\/78\/revisions\/19295"}],"wp:attachment":[{"href":"https:\/\/pigeonposted.com\/hu\/wp-json\/wp\/v2\/media?parent=78"}],"curies":[{"name":"wp","href":"https:\/\/api.w.org\/{rel}","templated":true}]}}