{"id":19692,"date":"2024-10-17T15:46:57","date_gmt":"2024-10-17T14:46:57","guid":{"rendered":"https:\/\/pigeonposted.com\/?post_type=product&#038;p=19692"},"modified":"2025-11-17T15:18:55","modified_gmt":"2025-11-17T15:18:55","slug":"carnaval-des-couleurs-pigeon","status":"publish","type":"product","link":"https:\/\/pigeonposted.com\/fr\/product\/carnival-of-colour-pigeon\/","title":{"rendered":"Carnaval des couleurs Pigeon"},"content":{"rendered":"<p>Mettant en sc\u00e8ne neuf oiseaux remarquables d'Am\u00e9rique du Nord, dont le roitelet \u00e0 couronne rubis, le colibri roux et le bruant indigo, ces pigeons sont une c\u00e9l\u00e9bration des merveilles ornithologiques et un carnaval de couleurs. Envoyez-en un par la poste et \u00e9gayez la journ\u00e9e d'un \u00eatre cher, proche ou lointain.<\/p>\n<p><em>6 pigeons par paquet - 3 dessins uniques, chacun en 2 couleurs.<\/em><\/p>","protected":false},"excerpt":{"rendered":"<p>Mettant en sc\u00e8ne neuf oiseaux remarquables d'Am\u00e9rique du Nord, ces pigeons sont une c\u00e9l\u00e9bration des merveilles ornithologiques et un carnaval de couleurs. Envoyez-en un par la poste et \u00e9gayez la journ\u00e9e d'un \u00eatre cher, proche ou lointain.<\/p>","protected":false},"featured_media":21874,"template":"","meta":{"_acf_changed":false},"product_brand":[],"product_cat":[23],"product_tag":[],"class_list":{"0":"post-19692","1":"product","2":"type-product","3":"status-publish","4":"has-post-thumbnail","6":"product_cat-pigeons","7":"sales-flash-overlay","8":"woocommerce-text-align-center","9":"woocommerce-image-align-center","10":"do-quantity-buttons","11":"wc-has-gallery","13":"first","14":"instock","15":"taxable","16":"shipping-taxable","17":"purchasable","18":"product-type-simple"},"acf":[],"aioseo_notices":[],"jetpack_sharing_enabled":true,"_links":{"self":[{"href":"https:\/\/pigeonposted.com\/fr\/wp-json\/wp\/v2\/product\/19692","targetHints":{"allow":["GET"]}}],"collection":[{"href":"https:\/\/pigeonposted.com\/fr\/wp-json\/wp\/v2\/product"}],"about":[{"href":"https:\/\/pigeonposted.com\/fr\/wp-json\/wp\/v2\/types\/product"}],"wp:featuredmedia":[{"embeddable":true,"href":"https:\/\/pigeonposted.com\/fr\/wp-json\/wp\/v2\/media\/21874"}],"wp:attachment":[{"href":"https:\/\/pigeonposted.com\/fr\/wp-json\/wp\/v2\/media?parent=19692"}],"wp:term":[{"taxonomy":"product_brand","embeddable":true,"href":"https:\/\/pigeonposted.com\/fr\/wp-json\/wp\/v2\/product_brand?post=19692"},{"taxonomy":"product_cat","embeddable":true,"href":"https:\/\/pigeonposted.com\/fr\/wp-json\/wp\/v2\/product_cat?post=19692"},{"taxonomy":"product_tag","embeddable":true,"href":"https:\/\/pigeonposted.com\/fr\/wp-json\/wp\/v2\/product_tag?post=19692"}],"curies":[{"name":"wp","href":"https:\/\/api.w.org\/{rel}","templated":true}]}}