{"id":362,"date":"2019-05-08T14:14:14","date_gmt":"2019-05-08T13:14:14","guid":{"rendered":"https:\/\/pigeonposted.com\/?post_type=product&#038;p=362"},"modified":"2025-11-18T17:20:40","modified_gmt":"2025-11-18T17:20:40","slug":"kaupunkikyyhkyt","status":"publish","type":"product","link":"https:\/\/pigeonposted.com\/fi\/product\/urban-pigeons\/","title":{"rendered":"Kaupunkikyyhkyset"},"content":{"rendered":"<p>Urban Pigeon on itsetietoisen funky. On totta, ett\u00e4 jotkut ihmiset voivat olla hieman alentuneita IRL Urban Pigeon -yst\u00e4vi\u00e4mme kohtaan. Mutta meill\u00e4 ei ole mit\u00e4\u00e4n sellaista Pigeon Loftissa, kiitos paljon. Urban Pigeons -kyyhkyt ovat saaneet inspiraationsa parhaista retrokuvioista, ja niit\u00e4 on saatavana hullunkurisissa v\u00e4reiss\u00e4. 3D-palikat saattavat saada p\u00e4\u00e4si py\u00f6rim\u00e4\u00e4n, mutta luota meihin - ne ovat \u00e4\u00e4rimm\u00e4isen siistej\u00e4.<\/p>\n<p><em>6 kyyhky\u00e4 per pakkaus - jokaisella eri kuvio.<\/em><\/p>","protected":false},"excerpt":{"rendered":"<p>Urban Pigeon on itsetietoisen funky. 3D-palikat saattavat saada p\u00e4\u00e4si py\u00f6rim\u00e4\u00e4n, mutta luota meihin - ne ovat \u00e4\u00e4rimm\u00e4isen siistej\u00e4.<\/p>","protected":false},"featured_media":21944,"template":"","meta":{"_acf_changed":false},"product_brand":[],"product_cat":[23],"product_tag":[],"class_list":{"0":"post-362","1":"product","2":"type-product","3":"status-publish","4":"has-post-thumbnail","6":"product_cat-pigeons","7":"sales-flash-overlay","8":"woocommerce-text-align-center","9":"woocommerce-image-align-center","10":"do-quantity-buttons","11":"wc-has-gallery","13":"first","14":"instock","15":"taxable","16":"shipping-taxable","17":"purchasable","18":"product-type-simple"},"acf":[],"aioseo_notices":[],"jetpack_sharing_enabled":true,"_links":{"self":[{"href":"https:\/\/pigeonposted.com\/fi\/wp-json\/wp\/v2\/product\/362","targetHints":{"allow":["GET"]}}],"collection":[{"href":"https:\/\/pigeonposted.com\/fi\/wp-json\/wp\/v2\/product"}],"about":[{"href":"https:\/\/pigeonposted.com\/fi\/wp-json\/wp\/v2\/types\/product"}],"wp:featuredmedia":[{"embeddable":true,"href":"https:\/\/pigeonposted.com\/fi\/wp-json\/wp\/v2\/media\/21944"}],"wp:attachment":[{"href":"https:\/\/pigeonposted.com\/fi\/wp-json\/wp\/v2\/media?parent=362"}],"wp:term":[{"taxonomy":"product_brand","embeddable":true,"href":"https:\/\/pigeonposted.com\/fi\/wp-json\/wp\/v2\/product_brand?post=362"},{"taxonomy":"product_cat","embeddable":true,"href":"https:\/\/pigeonposted.com\/fi\/wp-json\/wp\/v2\/product_cat?post=362"},{"taxonomy":"product_tag","embeddable":true,"href":"https:\/\/pigeonposted.com\/fi\/wp-json\/wp\/v2\/product_tag?post=362"}],"curies":[{"name":"wp","href":"https:\/\/api.w.org\/{rel}","templated":true}]}}