{"id":23133,"date":"2026-04-24T15:30:50","date_gmt":"2026-04-24T14:30:50","guid":{"rendered":"https:\/\/pigeonposted.com\/?post_type=product&#038;p=23133"},"modified":"2026-04-24T15:50:36","modified_gmt":"2026-04-24T14:50:36","slug":"kultainen-lentokyyhky","status":"publish","type":"product","link":"https:\/\/pigeonposted.com\/fi\/product\/golden-flight-pigeon\/","title":{"rendered":"Kultainen lentokyyhky"},"content":{"rendered":"<p>Taiteilija Jackie Morris on luonut n\u00e4m\u00e4 ihanan taidokkaat maalaukset, joissa lehtikulta kimmelt\u00e4\u00e4 valossa, kiinnitt\u00e4\u00e4 huomiomme n\u00e4iden lintujen pyh\u00e4\u00e4n kauneuteen ja kunnioittaa niiden paikkaa luonnossa. Avaa ikkunasi ja kuuntele niiden laulua, kun kirjoitat rakkaalle yst\u00e4v\u00e4llesi. L\u00e4het\u00e4 sitten posti ja anna sen lent\u00e4\u00e4.<\/p>\n<p><em>6 kyyhky\u00e4 per pakkaus - 2 kutakin kolmesta kuviosta (kultasirkku, p\u00e4\u00e4skynen ja kirjosieppo).<\/em><\/p>","protected":false},"excerpt":{"rendered":"<p>Taiteilija Jackie Morris on luonut n\u00e4m\u00e4 ihanan taidokkaat maalaukset, joissa kultalehti kimaltelee valossa ja kiinnitt\u00e4\u00e4 huomiomme n\u00e4ihin pyhiin kaunottariin. Avaa ikkunasi ja kuuntele niiden laulua, kun kirjoitat rakkaalle yst\u00e4v\u00e4llesi.<\/p>","protected":false},"featured_media":23141,"template":"","meta":{"_acf_changed":false},"product_brand":[],"product_cat":[23],"product_tag":[],"class_list":{"0":"post-23133","1":"product","2":"type-product","3":"status-publish","4":"has-post-thumbnail","6":"product_cat-pigeons","7":"sales-flash-overlay","8":"woocommerce-text-align-center","9":"woocommerce-image-align-center","10":"do-quantity-buttons","11":"wc-has-gallery","13":"first","14":"instock","15":"taxable","16":"shipping-taxable","17":"purchasable","18":"product-type-simple"},"acf":[],"aioseo_notices":[],"jetpack_sharing_enabled":true,"_links":{"self":[{"href":"https:\/\/pigeonposted.com\/fi\/wp-json\/wp\/v2\/product\/23133","targetHints":{"allow":["GET"]}}],"collection":[{"href":"https:\/\/pigeonposted.com\/fi\/wp-json\/wp\/v2\/product"}],"about":[{"href":"https:\/\/pigeonposted.com\/fi\/wp-json\/wp\/v2\/types\/product"}],"wp:featuredmedia":[{"embeddable":true,"href":"https:\/\/pigeonposted.com\/fi\/wp-json\/wp\/v2\/media\/23141"}],"wp:attachment":[{"href":"https:\/\/pigeonposted.com\/fi\/wp-json\/wp\/v2\/media?parent=23133"}],"wp:term":[{"taxonomy":"product_brand","embeddable":true,"href":"https:\/\/pigeonposted.com\/fi\/wp-json\/wp\/v2\/product_brand?post=23133"},{"taxonomy":"product_cat","embeddable":true,"href":"https:\/\/pigeonposted.com\/fi\/wp-json\/wp\/v2\/product_cat?post=23133"},{"taxonomy":"product_tag","embeddable":true,"href":"https:\/\/pigeonposted.com\/fi\/wp-json\/wp\/v2\/product_tag?post=23133"}],"curies":[{"name":"wp","href":"https:\/\/api.w.org\/{rel}","templated":true}]}}