{"id":14591,"date":"2023-05-03T12:00:39","date_gmt":"2023-05-03T11:00:39","guid":{"rendered":"https:\/\/pigeonposted.com\/?post_type=product&#038;p=14591"},"modified":"2024-04-30T12:54:24","modified_gmt":"2024-04-30T11:54:24","slug":"viikunakyyhkyt","status":"publish","type":"product","link":"https:\/\/pigeonposted.com\/fi\/product\/fig-feather-pigeons\/","title":{"rendered":"Fig &amp; Feather Kyyhkyset"},"content":{"rendered":"<p>On vaikea kuvitella, ett\u00e4 mill\u00e4\u00e4n olennolla olisi hauskempaa kuin n\u00e4ill\u00e4 viikunoita sy\u00f6vill\u00e4 h\u00f6yhenyst\u00e4vill\u00e4. Kun ne lensiv\u00e4t ensimm\u00e4isen kerran Pigeon Loftiin, tiesimme, ett\u00e4 ne olisivat t\u00e4ydellisi\u00e4 kirjeenvaihdon kantajia. Ota siis kyn\u00e4 (tai sulkakyn\u00e4) k\u00e4teesi ja ala kirjoittaa. Hauskaa tai asiallista, vakavaa tai h\u00f6lm\u00f6\u00e4 - mit\u00e4 tahansa kirjoitatkin yhteen n\u00e4ist\u00e4 pienist\u00e4 kaunottarista, se varmasti pirist\u00e4\u00e4 kenen tahansa p\u00e4iv\u00e4\u00e4.<\/p>\n<p><em>6 kyyhky\u00e4 per pakkaus - jokaisella eri kuvio.<\/em><\/p>","protected":false},"excerpt":{"rendered":"<p>Nappaa kyn\u00e4 (tai sulkakyn\u00e4) ja ala kirjoittaa n\u00e4it\u00e4 pieni\u00e4 kaunottaria. Hauskaa tai asiallista, vakavaa tai hassua - mit\u00e4 tahansa kirjoitatkin, se pirist\u00e4\u00e4 varmasti kenenk\u00e4\u00e4n p\u00e4iv\u00e4\u00e4.<\/p>","protected":false},"featured_media":14622,"template":"","meta":{"_acf_changed":false},"product_brand":[],"product_cat":[23],"product_tag":[],"class_list":{"0":"post-14591","1":"product","2":"type-product","3":"status-publish","4":"has-post-thumbnail","6":"product_cat-pigeons","7":"sales-flash-overlay","8":"woocommerce-text-align-center","9":"woocommerce-image-align-center","10":"do-quantity-buttons","11":"wc-has-gallery","13":"first","14":"instock","15":"taxable","16":"shipping-taxable","17":"purchasable","18":"product-type-simple"},"acf":[],"aioseo_notices":[],"jetpack_sharing_enabled":true,"_links":{"self":[{"href":"https:\/\/pigeonposted.com\/fi\/wp-json\/wp\/v2\/product\/14591","targetHints":{"allow":["GET"]}}],"collection":[{"href":"https:\/\/pigeonposted.com\/fi\/wp-json\/wp\/v2\/product"}],"about":[{"href":"https:\/\/pigeonposted.com\/fi\/wp-json\/wp\/v2\/types\/product"}],"wp:featuredmedia":[{"embeddable":true,"href":"https:\/\/pigeonposted.com\/fi\/wp-json\/wp\/v2\/media\/14622"}],"wp:attachment":[{"href":"https:\/\/pigeonposted.com\/fi\/wp-json\/wp\/v2\/media?parent=14591"}],"wp:term":[{"taxonomy":"product_brand","embeddable":true,"href":"https:\/\/pigeonposted.com\/fi\/wp-json\/wp\/v2\/product_brand?post=14591"},{"taxonomy":"product_cat","embeddable":true,"href":"https:\/\/pigeonposted.com\/fi\/wp-json\/wp\/v2\/product_cat?post=14591"},{"taxonomy":"product_tag","embeddable":true,"href":"https:\/\/pigeonposted.com\/fi\/wp-json\/wp\/v2\/product_tag?post=14591"}],"curies":[{"name":"wp","href":"https:\/\/api.w.org\/{rel}","templated":true}]}}