{"id":17902,"date":"2024-03-06T12:12:02","date_gmt":"2024-03-06T12:12:02","guid":{"rendered":"https:\/\/pigeonposted.com\/privacy-statement-ca\/"},"modified":"2024-03-06T12:12:02","modified_gmt":"2024-03-06T12:12:02","slug":"tietosuojaseloste-ca","status":"publish","type":"page","link":"https:\/\/pigeonposted.com\/fi\/privacy-statement-ca\/","title":{"rendered":"Tietosuojaseloste (CA)"},"content":{"rendered":"<!-- Legal document generated by Complianz | GDPR\/CCPA Cookie Consent https:\/\/wordpress.org\/plugins\/complianz-gdpr -->\n<div id=\"cmplz-document\" class=\"cmplz-document privacy-statement cmplz-document-ca\"><p><i>This privacy statement was last changed on 6th maaliskuu 2024, last checked on 6th maaliskuu 2024, and applies to citizens and legal permanent residents of Canada.<\/i><br \/><br \/><\/p><p>T\u00e4ss\u00e4 tietosuojaselosteessa selit\u00e4mme, mit\u00e4 teemme tiedoilla, jotka saamme sinusta seuraavien tahojen v\u00e4lityksell\u00e4 <a href=\"https:\/\/pigeonposted.com\/fi\">https:\/\/pigeonposted.com\/fi<\/a>. Suosittelemme, ett\u00e4 luet t\u00e4m\u00e4n lausunnon huolellisesti. Noudatamme k\u00e4sittelyss\u00e4mme yksityisyyden suojaa koskevan lains\u00e4\u00e4d\u00e4nn\u00f6n vaatimuksia. T\u00e4m\u00e4 tarkoittaa muun muassa sit\u00e4, ett\u00e4:<ul>\n                <li>ilmoitamme selke\u00e4sti tarkoitukset, joita varten k\u00e4sittelemme henkil\u00f6tietoja. Teemme t\u00e4m\u00e4n t\u00e4m\u00e4n tietosuojaselosteen avulla;<\/li>\n                <li>pyrimme rajoittamaan henkil\u00f6tietojen ker\u00e4\u00e4misen vain laillisiin tarkoituksiin tarvittaviin henkil\u00f6tietoihin;<\/li>\n                <li>pyyd\u00e4mme ensin nimenomaista suostumustasi henkil\u00f6tietojesi k\u00e4sittelyyn tapauksissa, jotka edellytt\u00e4v\u00e4t suostumustasi;<\/li>\n                <li>ryhdymme asianmukaisiin turvatoimiin henkil\u00f6tietojesi suojaamiseksi ja vaadimme t\u00e4t\u00e4 my\u00f6s osapuolilta, jotka k\u00e4sittelev\u00e4t henkil\u00f6tietoja puolestamme;<\/li>\n                <li>kunnioitamme oikeuttasi tutustua henkil\u00f6tietoihisi tai saada ne pyynn\u00f6st\u00e4si oikaistua tai poistettua.<\/li>\n            <\/ul><\/p>Jos sinulla on kysytt\u00e4v\u00e4\u00e4 tai haluat tiet\u00e4\u00e4 tarkalleen, mit\u00e4 tietoja s\u00e4ilyt\u00e4mme sinusta, ota meihin yhteytt\u00e4.<h2>1. K\u00e4ytt\u00f6tarkoitus ja tietoluokat<\/h2><p>Voimme ker\u00e4t\u00e4 tai vastaanottaa henkil\u00f6tietoja useisiin liiketoimintaamme liittyviin tarkoituksiin, joita voivat olla esimerkiksi seuraavat: (klikkaa laajentaaksesi)<\/b><\/p><details class=\"cmplz-dropdown dropdown-privacy-statement\"><summary><div><h3>1.1 Yhteydenotot - puhelimitse, postitse, s\u00e4hk\u00f6postitse ja\/tai verkkolomakkeilla.<\/h3><\/div><\/summary><p class=\"cmplz-subtitle\">Seuraavia tietoluokkia ker\u00e4t\u00e4\u00e4n<\/p><p><ul><li>Etu- ja sukunimi<\/li><li>Kotiosoite tai muu fyysinen osoite, mukaan lukien kadunnimi ja kaupungin nimi.<\/li><li>S\u00e4hk\u00f6postiosoite<\/li><li>Puhelinnumero<\/li><li>IP-osoite<\/li><li>Paikannustiedot<\/li><li>Seksi<\/li><\/ul><\/p><p class=\"cmplz-subtitle\">S\u00e4ilytysaika<\/p><p>S\u00e4ilyt\u00e4mme n\u00e4m\u00e4 tiedot, kunnes palvelu lopetetaan.<\/p><\/details><details class=\"cmplz-dropdown dropdown-privacy-statement\"><summary><div><h3>1.2 Maksut<\/h3><\/div><\/summary><p class=\"cmplz-subtitle\">Seuraavia tietoluokkia ker\u00e4t\u00e4\u00e4n<\/p><p><ul><li>Etu- ja sukunimi<\/li><li>Kotiosoite tai muu fyysinen osoite, mukaan lukien kadunnimi ja kaupungin nimi.<\/li><li>S\u00e4hk\u00f6postiosoite<\/li><li>Puhelinnumero<\/li><li>IP-osoite<\/li><li>Paikannustiedot<\/li><li>Seksi<\/li><\/ul><\/p><p class=\"cmplz-subtitle\">S\u00e4ilytysaika<\/p><p>S\u00e4ilyt\u00e4mme n\u00e4m\u00e4 tiedot, kunnes palvelu lopetetaan.<\/p><\/details><details class=\"cmplz-dropdown dropdown-privacy-statement\"><summary><div><h3>1.3 Tilin rekister\u00f6inti<\/h3><\/div><\/summary><p class=\"cmplz-subtitle\">Seuraavia tietoluokkia ker\u00e4t\u00e4\u00e4n<\/p><p><ul><li>Etu- ja sukunimi<\/li><li>Kotiosoite tai muu fyysinen osoite, mukaan lukien kadunnimi ja kaupungin nimi.<\/li><li>S\u00e4hk\u00f6postiosoite<\/li><li>Puhelinnumero<\/li><li>IP-osoite<\/li><li>Paikannustiedot<\/li><li>Seksi<\/li><\/ul><\/p><p class=\"cmplz-subtitle\">S\u00e4ilytysaika<\/p><p>S\u00e4ilyt\u00e4mme n\u00e4m\u00e4 tiedot, kunnes palvelu lopetetaan.<\/p><\/details><details class=\"cmplz-dropdown dropdown-privacy-statement\"><summary><div><h3>1.4 Uutiskirjeet<\/h3><\/div><\/summary><p class=\"cmplz-subtitle\">Seuraavia tietoluokkia ker\u00e4t\u00e4\u00e4n<\/p><p><ul><li>Etu- ja sukunimi<\/li><li>Kotiosoite tai muu fyysinen osoite, mukaan lukien kadunnimi ja kaupungin nimi.<\/li><li>S\u00e4hk\u00f6postiosoite<\/li><li>Paikannustiedot<\/li><\/ul><\/p><p class=\"cmplz-subtitle\">S\u00e4ilytysaika<\/p><p>S\u00e4ilyt\u00e4mme n\u00e4m\u00e4 tiedot, kunnes palvelu lopetetaan.<\/p><\/details><details class=\"cmplz-dropdown dropdown-privacy-statement\"><summary><div><h3>1.5 Tilastojen ker\u00e4\u00e4minen ja analysointi verkkosivuston parantamista varten.<\/h3><\/div><\/summary><p class=\"cmplz-subtitle\">Seuraavia tietoluokkia ker\u00e4t\u00e4\u00e4n<\/p><p><ul><li>Paikannustiedot<\/li><\/ul><\/p><p class=\"cmplz-subtitle\">S\u00e4ilytysaika<\/p><p>S\u00e4ilyt\u00e4mme n\u00e4m\u00e4 tiedot, kunnes palvelu lopetetaan.<\/p><\/details><details class=\"cmplz-dropdown dropdown-privacy-statement\"><summary><div><h3>1.6 Toimitukset<\/h3><\/div><\/summary><p class=\"cmplz-subtitle\">Seuraavia tietoluokkia ker\u00e4t\u00e4\u00e4n<\/p><p><ul><li>Etu- ja sukunimi<\/li><li>Kotiosoite tai muu fyysinen osoite, mukaan lukien kadunnimi ja kaupungin nimi.<\/li><li>S\u00e4hk\u00f6postiosoite<\/li><li>Puhelinnumero<\/li><li>Paikannustiedot<\/li><\/ul><\/p><p class=\"cmplz-subtitle\">S\u00e4ilytysaika<\/p><p>S\u00e4ilyt\u00e4mme n\u00e4m\u00e4 tiedot, kunnes palvelu lopetetaan.<\/p><\/details><h2>2. Jakaminen muiden osapuolten kanssa<\/h2><p>Jakaamme tai luovutamme n\u00e4it\u00e4 tietoja muille vastaanottajille vain seuraaviin tarkoituksiin:<\/p><p><b>Tiedonsiirron tarkoitus:<\/b>&nbsp;Kansainv\u00e4listen tuotteiden l\u00e4hetys.<br \/>\n             <b>Maa tai osavaltio, jossa t\u00e4m\u00e4 palveluntarjoaja sijaitsee:<\/b>&nbsp;Yhdysvallat<br \/><b>Tiedonsiirron tarkoitus:<\/b>&nbsp;Toimittaa tuotteitani Yhdistyneess\u00e4 kuningaskunnassa ja kansainv\u00e4lisesti.<br \/>\n             <b>Maa tai osavaltio, jossa t\u00e4m\u00e4 palveluntarjoaja sijaitsee:<\/b>&nbsp;UK<br \/><b>Tiedonsiirron tarkoitus:<\/b>&nbsp;Toimittaa tuotteitani kauppoihin maailmanlaajuisesti<br \/>\n             <b>Maa tai osavaltio, jossa t\u00e4m\u00e4 palveluntarjoaja sijaitsee:<\/b>&nbsp;UK<br \/><\/p><h2>3. Julkistamisk\u00e4yt\u00e4nn\u00f6t<\/h2><p><p>Luovutamme henkil\u00f6tietoja, jos laki tai tuomioistuimen m\u00e4\u00e4r\u00e4ys vaatii meit\u00e4 antamaan tietoja, lainvalvontaviranomaisen vastauksena, muiden lain s\u00e4\u00e4nn\u00f6sten sallimissa rajoissa tai yleiseen turvallisuuteen liittyv\u00e4n asian tutkimiseksi.<\/p><p>Jos verkkosivustomme tai organisaatiomme otetaan haltuun, myyd\u00e4\u00e4n tai osallistuu fuusioon tai yrityskauppaan, tietosi voidaan luovuttaa neuvonantajillemme ja mahdollisille ostajille, ja ne luovutetaan uusille omistajille.<\/p><\/p><h2>4. Miten vastaamme Do Not Track -signaaleihin ja maailmanlaajuiseen tietosuojan valvontaan? <\/h2><p>Verkkosivustomme vastaa ja tukee Do Not Track (DNT) -otsikkokentt\u00e4\u00e4. Jos otat selaimessasi k\u00e4ytt\u00f6\u00f6n DNT-ominaisuuden, n\u00e4m\u00e4 asetukset v\u00e4litet\u00e4\u00e4n meille HTTP-pyynt\u00f6otsakkeessa, emmek\u00e4 seuraa selausk\u00e4ytt\u00e4ytymist\u00e4si.<\/p><h2>5. Ev\u00e4steet<\/h2><p>Sivustomme k\u00e4ytt\u00e4\u00e4 ev\u00e4steit\u00e4. Lis\u00e4tietoja ev\u00e4steist\u00e4 saat ev\u00e4stek\u00e4yt\u00e4nn\u00f6st\u00e4mme osoitteessa osoitteessa <a href=\"https:\/\/pigeonposted.com\/fi\/cookie-policy-ca\/\">Ev\u00e4stek\u00e4yt\u00e4nt\u00f6 (CA)<\/a> verkkosivut.&nbsp;<\/p><h2>6. Turvallisuus<\/h2><p>Olemme sitoutuneet henkil\u00f6tietojen turvallisuuteen. Toteutamme asianmukaisia turvatoimia rajoittaaksemme henkil\u00f6tietojen v\u00e4\u00e4rink\u00e4ytt\u00f6\u00e4 ja luvatonta k\u00e4ytt\u00f6\u00e4. N\u00e4in varmistetaan, ett\u00e4 vain tarvittavilla henkil\u00f6ill\u00e4 on p\u00e4\u00e4sy tietoihin, ett\u00e4 p\u00e4\u00e4sy tietoihin on suojattu ja ett\u00e4 turvatoimenpiteemme tarkistetaan s\u00e4\u00e4nn\u00f6llisesti.<\/p><h2>7. Kolmannen osapuolen verkkosivustot<\/h2><p>T\u00e4m\u00e4 tietosuojaseloste ei koske kolmansien osapuolten verkkosivustoja, jotka on yhdistetty verkkosivustomme linkkien kautta. Emme voi taata, ett\u00e4 n\u00e4m\u00e4 kolmannet osapuolet k\u00e4sittelev\u00e4t henkil\u00f6tietojasi luotettavasti tai turvallisesti. Suosittelemme, ett\u00e4 luet n\u00e4iden verkkosivustojen tietosuojalausekkeet ennen kuin k\u00e4yt\u00e4t n\u00e4it\u00e4 verkkosivustoja.<\/p><h2>8. Muutokset t\u00e4h\u00e4n tietosuojaselosteeseen<\/h2><p>Pid\u00e4t\u00e4mme oikeuden tehd\u00e4 muutoksia t\u00e4h\u00e4n tietosuojaselosteeseen. On suositeltavaa, ett\u00e4 tutustut t\u00e4h\u00e4n tietosuojaselosteeseen s\u00e4\u00e4nn\u00f6llisesti, jotta olet tietoinen kaikista muutoksista. Lis\u00e4ksi tiedotamme sinulle aktiivisesti aina kun se on mahdollista.<\/p><h2>9. Tietojesi k\u00e4ytt\u00e4minen ja muuttaminen<\/h2><p>Jos sinulla on kysytt\u00e4v\u00e4\u00e4 tai haluat tiet\u00e4\u00e4, mit\u00e4 henkil\u00f6tietoja meill\u00e4 on sinusta, ota meihin yhteytt\u00e4. Ilmoita aina selv\u00e4sti, kuka olet, jotta voimme olla varmoja siit\u00e4, ettemme muuta tai poista v\u00e4\u00e4r\u00e4n henkil\u00f6n tietoja. Toimitamme pyydetyt tiedot vasta, kun olemme saaneet kuluttajan todennettavissa olevan pyynn\u00f6n. Voit ottaa meihin yhteytt\u00e4 alla olevien tietojen avulla.<\/p><p class=\"cmplz-subtitle\">9.1 Sinulla on seuraavat henkil\u00f6tietojasi koskevat oikeudet<\/p><ol class=\"alphabetic\">\n                        <li>Voit esitt\u00e4\u00e4 pyynn\u00f6n saada tutustua k\u00e4sittelemiimme tietoihin.<\/li>\n                        <li>Voit pyyt\u00e4\u00e4 yleiskatsauksen sinusta k\u00e4sittelemist\u00e4mme tiedoista yleisesti k\u00e4ytetyss\u00e4 muodossa.<\/li>\n                        <li>Voit pyyt\u00e4\u00e4 tietojen korjaamista tai poistamista, jos ne ovat virheellisi\u00e4 tai jos ne eiv\u00e4t ole en\u00e4\u00e4 merkityksellisi\u00e4. Tarvittaessa muutetut tiedot toimitetaan kolmansille osapuolille, joilla on p\u00e4\u00e4sy kyseisiin tietoihin.<\/li>\n                        <li>Sinulla on oikeus peruuttaa suostumuksesi milloin tahansa oikeudellisten tai sopimusperusteisten rajoitusten ja kohtuullisen varoitusajan puitteissa. Sinulle ilmoitetaan peruuttamisen seurauksista.<\/li>\n                        <li>Sinulla on oikeus esitt\u00e4\u00e4 PIPEDA:n noudattamatta j\u00e4tt\u00e4mist\u00e4 koskeva haaste organisaatiollemme ja, jos asiaa ei saada ratkaistua, Kanadan tietosuojavaltuutetun toimistolle.<\/li>\n                        <li>Annamme mahdollisuuden saada henkil\u00f6tietoja vaihtoehtoisessa muodossa sellaiselle aistivammaiselle henkil\u00f6lle, jolla on PIPEDA:n mukainen oikeus saada henkil\u00f6tietoja ja joka pyyt\u00e4\u00e4, ett\u00e4 tiedot toimitetaan vaihtoehtoisessa muodossa, jos a) tiedot ovat jo olemassa kyseisess\u00e4 muodossa tai b) niiden muuntaminen kyseiseen muotoon on kohtuullista ja v\u00e4ltt\u00e4m\u00e4t\u00f6nt\u00e4, jotta henkil\u00f6 voi k\u00e4ytt\u00e4\u00e4 oikeuksiaan.<\/li>\n                      <\/ol><h2>10. Lapset<\/h2><p>Verkkosivustoamme ei ole suunniteltu houkuttelemaan lapsia, eik\u00e4 tarkoituksenamme ole ker\u00e4t\u00e4 henkil\u00f6tietoja lapsilta, jotka eiv\u00e4t ole t\u00e4ytt\u00e4neet asuinmaansa suostumusta. Siksi pyyd\u00e4mme, ett\u00e4 alle t\u00e4ysi-ik\u00e4iset lapset eiv\u00e4t anna meille henkil\u00f6tietoja.<\/p><h2>11. Yhteystiedot<\/h2><p>Pigeon Loft Limited<br \/>\n        167 Beaumont Road<br \/>\r\nBournville, Birmingham<br \/>\r\nB30 1NT<br \/>\r\nUK<br \/>\n        Yhdistynyt kuningaskunta<br \/>\n        Verkkosivusto: <a href=\"https:\/\/pigeonposted.com\/fi\">https:\/\/pigeonposted.com\/fi<\/a> <br \/>\n        S\u00e4hk\u00f6posti: <span class=\"cmplz-obfuscate\">post@<span class=\"cmplz-fmail-domain\">ex.com<\/span>pig&#101;on&#112;&#111;&#115;ted.&#099;o&#109;<\/span> <br \/>\n        <br \/>\n        Puhelinnumero: +44(0)1212129857<\/p><p>Olemme nimenneet yhteyshenkil\u00f6n, joka vastaa organisaation toimintaperiaatteista ja k\u00e4yt\u00e4nn\u00f6ist\u00e4 ja jolle valitukset tai tiedustelut voi toimittaa:<br \/>John Morse-Brown<br \/>167 Beaumont Road<br \/>\r\nBournville, Birmingham<br \/>\r\nB30 1NT<br \/>\r\nUK<\/p><h2>Liite<\/h2><p><h3>Beaver Builder<\/h3>\r\nGDPR:n kannalta Beaver Builder -tuotteet eiv\u00e4t ker\u00e4\u00e4 mit\u00e4\u00e4n henkil\u00f6kohtaisia tietoja k\u00e4ytt\u00e4jist\u00e4si. Joidenkin moduulien, kuten videoiden ja karttojen, kohdalla saattaa kuitenkin olla tarpeen p\u00e4ivitt\u00e4\u00e4 tietosuojak\u00e4yt\u00e4nt\u00f6\u00e4 vastaavasti.\r\n<h3>EWWW Image Optimizer<\/h3>\r\n<p class=\"privacy-policy-tutorial\">EWWW Image Optimizer ei oletusarvoisesti tallenna mit\u00e4\u00e4n henkil\u00f6tietoja eik\u00e4 jaa niit\u00e4 kenenk\u00e4\u00e4n kanssa.<\/p>\r\nJos hyv\u00e4ksyt k\u00e4ytt\u00e4jien l\u00e4hett\u00e4mi\u00e4 kuvia ja k\u00e4yt\u00e4t API:ta tai Easy IO:ta, n\u00e4m\u00e4 kuvat saatetaan siirt\u00e4\u00e4 ulkomailla sijaitseville kolmannen osapuolen palvelimille. Jos Originalien varmuuskopiointi on k\u00e4yt\u00f6ss\u00e4, kuvia s\u00e4ilytet\u00e4\u00e4n 30 p\u00e4iv\u00e4n ajan. Muussa tapauksessa kuvia ei tallenneta API:ssa 30 minuuttia pidemp\u00e4\u00e4n.\r\n\r\n<strong>Ehdotettu API-teksti:<\/strong> <i>K\u00e4ytt\u00e4j\u00e4n l\u00e4hett\u00e4m\u00e4t kuvat saatetaan siirt\u00e4\u00e4 Yhdysvalloissa sijaitseville kuvapakkauspalvelimille ja tallentaa sinne enint\u00e4\u00e4n 30 p\u00e4iv\u00e4ksi.<\/i>\r\n\r\n<strong>Ehdotettu Easy IO -teksti:<\/strong> <i>K\u00e4ytt\u00e4j\u00e4n l\u00e4hett\u00e4m\u00e4t kuvat, jotka n\u00e4ytet\u00e4\u00e4n t\u00e4ll\u00e4 sivustolla, siirret\u00e4\u00e4n ja tallennetaan kolmannen osapuolen palvelimien maailmanlaajuiseen verkkoon (CDN).<\/i>\r\n<h3>WooCommerce<\/h3>\r\n<div class=\"wp-suggested-text\">\r\n<p class=\"privacy-policy-tutorial\">T\u00e4ss\u00e4 esimerkkikieless\u00e4 k\u00e4sitell\u00e4\u00e4n perusasioita siit\u00e4, mit\u00e4 henkil\u00f6tietoja myym\u00e4l\u00e4si voi ker\u00e4t\u00e4, tallentaa ja jakaa sek\u00e4 siit\u00e4, kenell\u00e4 voi olla p\u00e4\u00e4sy n\u00e4ihin tietoihin. Kaupan jakamat tiedot vaihtelevat sen mukaan, mit\u00e4 asetuksia on k\u00e4yt\u00f6ss\u00e4 ja mit\u00e4 lis\u00e4osia k\u00e4ytet\u00e4\u00e4n. Suosittelemme lakimiehen kuulemista, kun p\u00e4\u00e4t\u00e4t, mit\u00e4 tietoja haluat ilmoittaa tietosuojak\u00e4yt\u00e4nn\u00f6ss\u00e4si.<\/p>\r\nKer\u00e4\u00e4mme tietoja sinusta kauppamme kassaprosessin aikana.\r\n<h2>Mit\u00e4 ker\u00e4\u00e4mme ja tallennamme<\/h2>\r\nKun vierailet sivustollamme, seuraamme:\r\n<ul>\r\n \t<li>Katselemasi tuotteet: k\u00e4yt\u00e4mme t\u00e4t\u00e4 esimerkiksi n\u00e4ytt\u00e4m\u00e4\u00e4n sinulle \u00e4skett\u00e4in katselemasi tuotteet.<\/li>\r\n \t<li>Sijainti, IP-osoite ja selaimen tyyppi: k\u00e4yt\u00e4mme n\u00e4it\u00e4 tietoja esimerkiksi verojen ja toimituksen arvioimiseen.<\/li>\r\n \t<li>Toimitusosoite: pyyd\u00e4mme sinua antamaan t\u00e4m\u00e4n, jotta voimme esimerkiksi arvioida toimituskustannukset ennen tilauksen tekemist\u00e4 ja l\u00e4hett\u00e4\u00e4 tilauksen sinulle!<\/li>\r\n<\/ul>\r\nK\u00e4yt\u00e4mme ev\u00e4steit\u00e4 my\u00f6s korin sis\u00e4ll\u00f6n seuraamiseen, kun selaat sivustoamme.\r\n<p class=\"privacy-policy-tutorial\">Huomautus: voit halutessasi tarkentaa ev\u00e4stek\u00e4yt\u00e4nt\u00f6\u00e4si ja linkitt\u00e4\u00e4 sen t\u00e4h\u00e4n osioon t\u00e4\u00e4lt\u00e4.<\/p>\r\nKun ostat meilt\u00e4, pyyd\u00e4mme sinua antamaan tietoja, kuten nimesi, laskutusosoitteesi, toimitusosoitteesi, s\u00e4hk\u00f6postiosoitteesi, puhelinnumerosi, luottokortti-\/maksutietosi ja valinnaisia tilitietojasi, kuten k\u00e4ytt\u00e4j\u00e4tunnus ja salasana. K\u00e4yt\u00e4mme n\u00e4it\u00e4 tietoja muun muassa seuraaviin tarkoituksiin:\r\n<ul>\r\n \t<li>l\u00e4hett\u00e4\u00e4 sinulle tietoja tilist\u00e4si ja tilauksestasi<\/li>\r\n \t<li>vastata pyynt\u00f6ihisi, mukaan lukien palautukset ja valitukset.<\/li>\r\n \t<li>K\u00e4sittele maksut ja ehk\u00e4ise petokset<\/li>\r\n \t<li>Luo tili myym\u00e4l\u00e4\u00e4mme<\/li>\r\n \t<li>Noudatamme kaikkia lakis\u00e4\u00e4teisi\u00e4 velvoitteita, kuten verojen laskemista.<\/li>\r\n \t<li>Parannamme myym\u00e4l\u00e4tarjontaamme<\/li>\r\n \t<li>l\u00e4hett\u00e4\u00e4 sinulle markkinointiviestej\u00e4, jos haluat vastaanottaa niit\u00e4.<\/li>\r\n<\/ul>\r\nJos luot tilin, tallennamme nimesi, osoitteesi, s\u00e4hk\u00f6postiosoitteesi ja puhelinnumerosi, joita k\u00e4ytet\u00e4\u00e4n tulevien tilausten kassalla.\r\n\r\nS\u00e4ilyt\u00e4mme sinua koskevia tietoja yleens\u00e4 niin kauan kuin tarvitsemme tietoja niihin tarkoituksiin, joihin ker\u00e4\u00e4mme ja k\u00e4yt\u00e4mme niit\u00e4, eik\u00e4 meill\u00e4 ole lakis\u00e4\u00e4teist\u00e4 velvollisuutta s\u00e4ilytt\u00e4\u00e4 niit\u00e4 edelleen. S\u00e4ilyt\u00e4mme esimerkiksi tilaustietoja XXX vuotta vero- ja kirjanpitotarkoituksiin. N\u00e4ihin kuuluvat nimesi, s\u00e4hk\u00f6postiosoitteesi sek\u00e4 laskutus- ja toimitusosoitteesi.\r\n\r\nS\u00e4ilyt\u00e4mme my\u00f6s kommentteja tai arvosteluja, jos p\u00e4\u00e4t\u00e4t j\u00e4tt\u00e4\u00e4 niit\u00e4.\r\n<h2>Kenell\u00e4 tiimiss\u00e4mme on p\u00e4\u00e4sy<\/h2>\r\nTiimimme j\u00e4senill\u00e4 on p\u00e4\u00e4sy meille antamiisi tietoihin. Esimerkiksi sek\u00e4 yll\u00e4pit\u00e4jill\u00e4 ett\u00e4 myym\u00e4l\u00e4p\u00e4\u00e4llik\u00f6ill\u00e4 on p\u00e4\u00e4sy:\r\n<ul>\r\n \t<li>tilaustiedot, kuten mit\u00e4 ostettiin, milloin se ostettiin ja minne se pit\u00e4isi l\u00e4hett\u00e4\u00e4, ja<\/li>\r\n \t<li>Asiakastiedot, kuten nimesi, s\u00e4hk\u00f6postiosoitteesi sek\u00e4 laskutus- ja toimitustiedot.<\/li>\r\n<\/ul>\r\nTiimimme j\u00e4senill\u00e4 on p\u00e4\u00e4sy n\u00e4ihin tietoihin, jotta he voivat auttaa tilausten t\u00e4ytt\u00e4misess\u00e4, palautusten k\u00e4sittelyss\u00e4 ja sinun tukemisessasi.\r\n<h2>Mit\u00e4 jaamme muiden kanssa<\/h2>\r\n<p class=\"privacy-policy-tutorial\">T\u00e4ss\u00e4 osiossa on lueteltava, kenen kanssa ja mihin tarkoitukseen tietoja jaetaan. T\u00e4h\u00e4n voivat kuulua muun muassa analytiikka, markkinointi, maksuportaat, l\u00e4hetyspalvelujen tarjoajat ja kolmansien osapuolten upotukset.<\/p>\r\nJaamme tietoja kolmansille osapuolille, jotka auttavat meit\u00e4 tarjoamaan sinulle tilauksia ja myym\u00e4l\u00e4palveluita; esimerkiksi --\r\n<h3>Maksut<\/h3>\r\n<p class=\"privacy-policy-tutorial\">T\u00e4ss\u00e4 alajaksossa on lueteltava, mit\u00e4 kolmannen osapuolen maksupalveluntarjoajia k\u00e4yt\u00e4t maksujen vastaanottamiseen kaupassasi, koska n\u00e4m\u00e4 saattavat k\u00e4sitell\u00e4 asiakastietoja. Olemme lis\u00e4nneet esimerkkin\u00e4 PayPalin, mutta sinun kannattaa poistaa t\u00e4m\u00e4 kohta, jos et k\u00e4yt\u00e4 PayPalia.<\/p>\r\nHyv\u00e4ksymme maksut PayPalin kautta. Maksuja k\u00e4sitelt\u00e4ess\u00e4 osa tiedoistasi v\u00e4litet\u00e4\u00e4n PayPalille, mukaan lukien maksun k\u00e4sittelyyn tai tukemiseen tarvittavat tiedot, kuten ostoksen loppusumma ja laskutustiedot.\r\n\r\nKatso <a href=\"https:\/\/www.paypal.com\/us\/webapps\/mpp\/ua\/privacy-full\">PayPalin tietosuojak\u00e4yt\u00e4nt\u00f6<\/a> lis\u00e4tietoja.\r\n\r\n<\/div>\r\n<h3>Complianz | WordPressin tietosuojapaketti<\/h3>\r\nT\u00e4m\u00e4 verkkosivusto k\u00e4ytt\u00e4\u00e4 Complianzin Privacy Suite for WordPress -ohjelmistoa suostumustietojen ker\u00e4\u00e4miseen. T\u00e4t\u00e4 toimintoa varten IP-osoitteesi anonymisoidaan ja tallennetaan tietokantaamme. Lis\u00e4tietoja on Complianzin <a href=\"https:\/\/complianz.io\/privacy-statement\/\" target=\"_blank\" rel=\"noopener\">Tietosuojaseloste<\/a>.\r\n<h3>PayPal-kassa<\/h3>\r\nK\u00e4ytt\u00e4m\u00e4ll\u00e4 t\u00e4t\u00e4 laajennusta saatat tallentaa henkil\u00f6tietoja tai jakaa tietoja ulkoisen palvelun kanssa. <a href=\"https:\/\/docs.woocommerce.com\/document\/privacy-payments\/#woocommerce-gateway-paypal-express-checkout\" target=\"_blank\" rel=\"noopener\">Lue lis\u00e4\u00e4 siit\u00e4, miten t\u00e4m\u00e4 toimii, ja siit\u00e4, mit\u00e4 sinun kannattaa sis\u00e4llytt\u00e4\u00e4 tietosuojak\u00e4yt\u00e4nt\u00f6ihisi.<\/a>\r\n<h3>Raita<\/h3>\r\nK\u00e4ytt\u00e4m\u00e4ll\u00e4 t\u00e4t\u00e4 laajennusta saatat tallentaa henkil\u00f6tietoja tai jakaa tietoja ulkoisen palvelun kanssa. <a href=\"https:\/\/woocommerce.com\/document\/privacy-payments\/#section-3\" target=\"_blank\" rel=\"noopener\">Lue lis\u00e4\u00e4 siit\u00e4, miten t\u00e4m\u00e4 toimii, ja siit\u00e4, mit\u00e4 sinun kannattaa sis\u00e4llytt\u00e4\u00e4 tietosuojak\u00e4yt\u00e4nt\u00f6ihisi.<\/a>.\r\n<h3>Xero<\/h3>\r\nK\u00e4ytt\u00e4m\u00e4ll\u00e4 t\u00e4t\u00e4 laajennusta saatat tallentaa henkil\u00f6tietoja tai jakaa tietoja ulkoisen palvelun kanssa. <a href=\"https:\/\/docs.woocommerce.com\/document\/marketplace-privacy\/#woocommerce-xero\" target=\"_blank\" rel=\"noopener\">Lue lis\u00e4\u00e4 siit\u00e4, miten t\u00e4m\u00e4 toimii, ja siit\u00e4, mit\u00e4 sinun kannattaa sis\u00e4llytt\u00e4\u00e4 tietosuojak\u00e4yt\u00e4nt\u00f6ihisi.<\/a>\r\n<h3>WooCommerce Shipping &amp; Tax<\/h3>\r\nK\u00e4ytt\u00e4m\u00e4ll\u00e4 t\u00e4t\u00e4 laajennusta saatat tallentaa henkil\u00f6tietoja tai jakaa tietoja ulkoisten palvelujen kanssa. <a href=\"https:\/\/jetpack.com\/support\/for-your-privacy-policy\/#woocommerce-services\" target=\"_blank\" rel=\"noopener\">Lue lis\u00e4\u00e4 siit\u00e4, miten t\u00e4m\u00e4 toimii, ja siit\u00e4, mit\u00e4 sinun kannattaa sis\u00e4llytt\u00e4\u00e4 tietosuojak\u00e4yt\u00e4nt\u00f6ihisi.<\/a><\/p><\/div>","protected":false},"excerpt":{"rendered":"","protected":false},"author":3,"featured_media":0,"parent":0,"menu_order":0,"comment_status":"closed","ping_status":"closed","template":"","meta":{"_acf_changed":false,"footnotes":""},"class_list":["post-17902","page","type-page","status-publish"],"acf":[],"aioseo_notices":[],"jetpack_sharing_enabled":true,"_links":{"self":[{"href":"https:\/\/pigeonposted.com\/fi\/wp-json\/wp\/v2\/pages\/17902","targetHints":{"allow":["GET"]}}],"collection":[{"href":"https:\/\/pigeonposted.com\/fi\/wp-json\/wp\/v2\/pages"}],"about":[{"href":"https:\/\/pigeonposted.com\/fi\/wp-json\/wp\/v2\/types\/page"}],"author":[{"embeddable":true,"href":"https:\/\/pigeonposted.com\/fi\/wp-json\/wp\/v2\/users\/3"}],"replies":[{"embeddable":true,"href":"https:\/\/pigeonposted.com\/fi\/wp-json\/wp\/v2\/comments?post=17902"}],"version-history":[{"count":0,"href":"https:\/\/pigeonposted.com\/fi\/wp-json\/wp\/v2\/pages\/17902\/revisions"}],"wp:attachment":[{"href":"https:\/\/pigeonposted.com\/fi\/wp-json\/wp\/v2\/media?parent=17902"}],"curies":[{"name":"wp","href":"https:\/\/api.w.org\/{rel}","templated":true}]}}