{"id":23137,"date":"2026-04-24T15:44:50","date_gmt":"2026-04-24T14:44:50","guid":{"rendered":"https:\/\/pigeonposted.com\/?post_type=product&#038;p=23137"},"modified":"2026-04-24T15:51:24","modified_gmt":"2026-04-24T14:51:24","slug":"domingo-carta-paloma","status":"publish","type":"product","link":"https:\/\/pigeonposted.com\/es\/product\/sunday-letter-pigeon\/","title":{"rendered":"Domingo Carta Paloma"},"content":{"rendered":"<p>Una colaboraci\u00f3n creativa con la inspiradora <a href=\"https:\/\/www.thesundayletterproject.com\/\" target=\"_blank\" rel=\"noopener\">Proyecto de carta dominical<\/a>, que promueve la reflexi\u00f3n personal y la conexi\u00f3n humana a trav\u00e9s del delicado ritual de escribir cartas. Esperamos que estas encantadoras Palomas aporten muchos momentos de contemplaci\u00f3n tranquila, un b\u00e1lsamo para el alma y un est\u00edmulo para el esp\u00edritu.<\/p>","protected":false},"excerpt":{"rendered":"<p>Una colaboraci\u00f3n creativa con el inspirador Sunday Letter Project, que promueve la correspondencia a trav\u00e9s del suave ritual de escribir cartas. Esperamos que estas encantadoras palomas te traigan muchos momentos de contemplaci\u00f3n y conexi\u00f3n.<\/p>","protected":false},"featured_media":23138,"template":"","meta":{"_acf_changed":false},"product_brand":[],"product_cat":[23],"product_tag":[],"class_list":{"0":"post-23137","1":"product","2":"type-product","3":"status-publish","4":"has-post-thumbnail","6":"product_cat-pigeons","7":"sales-flash-overlay","8":"woocommerce-text-align-center","9":"woocommerce-image-align-center","10":"do-quantity-buttons","11":"wc-has-gallery","13":"first","14":"instock","15":"taxable","16":"shipping-taxable","17":"purchasable","18":"product-type-simple"},"acf":[],"aioseo_notices":[],"jetpack_sharing_enabled":true,"_links":{"self":[{"href":"https:\/\/pigeonposted.com\/es\/wp-json\/wp\/v2\/product\/23137","targetHints":{"allow":["GET"]}}],"collection":[{"href":"https:\/\/pigeonposted.com\/es\/wp-json\/wp\/v2\/product"}],"about":[{"href":"https:\/\/pigeonposted.com\/es\/wp-json\/wp\/v2\/types\/product"}],"wp:featuredmedia":[{"embeddable":true,"href":"https:\/\/pigeonposted.com\/es\/wp-json\/wp\/v2\/media\/23138"}],"wp:attachment":[{"href":"https:\/\/pigeonposted.com\/es\/wp-json\/wp\/v2\/media?parent=23137"}],"wp:term":[{"taxonomy":"product_brand","embeddable":true,"href":"https:\/\/pigeonposted.com\/es\/wp-json\/wp\/v2\/product_brand?post=23137"},{"taxonomy":"product_cat","embeddable":true,"href":"https:\/\/pigeonposted.com\/es\/wp-json\/wp\/v2\/product_cat?post=23137"},{"taxonomy":"product_tag","embeddable":true,"href":"https:\/\/pigeonposted.com\/es\/wp-json\/wp\/v2\/product_tag?post=23137"}],"curies":[{"name":"wp","href":"https:\/\/api.w.org\/{rel}","templated":true}]}}