{"id":19742,"date":"2024-10-21T13:42:36","date_gmt":"2024-10-21T12:42:36","guid":{"rendered":"https:\/\/pigeonposted.com\/?post_type=product&#038;p=19742"},"modified":"2026-04-10T21:02:50","modified_gmt":"2026-04-10T20:02:50","slug":"sellos-de-entrega-en-mano-para-palomas-mensajeras","status":"publish","type":"product","link":"https:\/\/pigeonposted.com\/es\/product\/hand-delivery-stamps-for-hop-on-board-pigeons\/","title":{"rendered":"Sellos de entrega en mano <span>(Hop on Board Pigeon themed)<\/span>"},"content":{"rendered":"<p>Estos sellos son para cuando quieras entregar en mano una paloma a un amigo. Se han dise\u00f1ado para combinar con el <a href=\"https:\/\/pigeonposted.com\/es\/producto\/subir-a-bordo-de-la-paloma\/\">Hop on Board Paquete infantil de palomas<\/a>Vienen en un pr\u00e1ctico paquete de 6, cada uno con un dise\u00f1o y color diferentes.<\/p>\n<p>Para comprar <em>con<\/em> Palomas (no se venden por separado).<\/p>\n<p>(NO para env\u00edos por Royal Mail, USPS o cualquier otro transportista nacional).<\/p>","protected":false},"excerpt":{"rendered":"<p>Estos sellos son para cuando quieras entregar en mano una paloma a un amigo. Se han dise\u00f1ado para combinar con el paquete de palomas de Hop on Board Kid (pero puedes usarlos con cualquiera de nuestros dise\u00f1os). Vienen en un pr\u00e1ctico paquete de 6, cada uno con un dise\u00f1o y un color diferentes. Para comprar ... <a title=\"Sellos de entrega en mano (tem\u00e1tica Hop on Board Pigeon)\" class=\"read-more\" href=\"https:\/\/pigeonposted.com\/es\/product\/hand-delivery-stamps-for-hop-on-board-pigeons\/\" aria-label=\"Leer m\u00e1s sobre Sellos de entrega en mano (tem\u00e1tica Hop on Board Pigeon)\">Leer m\u00e1s<\/a><\/p>","protected":false},"featured_media":19771,"template":"","meta":{"_acf_changed":false},"product_brand":[],"product_cat":[26],"product_tag":[],"class_list":{"0":"post-19742","1":"product","2":"type-product","3":"status-publish","4":"has-post-thumbnail","6":"product_cat-stamps","7":"sales-flash-overlay","8":"woocommerce-text-align-center","9":"woocommerce-image-align-center","10":"do-quantity-buttons","12":"first","13":"instock","14":"taxable","15":"shipping-taxable","16":"purchasable","17":"product-type-simple"},"acf":[],"aioseo_notices":[],"jetpack_sharing_enabled":true,"_links":{"self":[{"href":"https:\/\/pigeonposted.com\/es\/wp-json\/wp\/v2\/product\/19742","targetHints":{"allow":["GET"]}}],"collection":[{"href":"https:\/\/pigeonposted.com\/es\/wp-json\/wp\/v2\/product"}],"about":[{"href":"https:\/\/pigeonposted.com\/es\/wp-json\/wp\/v2\/types\/product"}],"wp:featuredmedia":[{"embeddable":true,"href":"https:\/\/pigeonposted.com\/es\/wp-json\/wp\/v2\/media\/19771"}],"wp:attachment":[{"href":"https:\/\/pigeonposted.com\/es\/wp-json\/wp\/v2\/media?parent=19742"}],"wp:term":[{"taxonomy":"product_brand","embeddable":true,"href":"https:\/\/pigeonposted.com\/es\/wp-json\/wp\/v2\/product_brand?post=19742"},{"taxonomy":"product_cat","embeddable":true,"href":"https:\/\/pigeonposted.com\/es\/wp-json\/wp\/v2\/product_cat?post=19742"},{"taxonomy":"product_tag","embeddable":true,"href":"https:\/\/pigeonposted.com\/es\/wp-json\/wp\/v2\/product_tag?post=19742"}],"curies":[{"name":"wp","href":"https:\/\/api.w.org\/{rel}","templated":true}]}}