{"id":11393,"date":"2020-05-22T12:16:52","date_gmt":"2020-05-22T11:16:52","guid":{"rendered":"https:\/\/pigeonposted.com\/?post_type=product&#038;p=11393"},"modified":"2025-11-18T16:55:12","modified_gmt":"2025-11-18T16:55:12","slug":"palomas-de-medianoche","status":"publish","type":"product","link":"https:\/\/pigeonposted.com\/es\/product\/midnight-garden-pigeons\/","title":{"rendered":"Palomas de medianoche"},"content":{"rendered":"<p>Hay algo m\u00e1gico en un jard\u00edn a medianoche, \u00bfno crees? Estas palomas de jard\u00edn de medianoche, con sus gloriosos colores oscuros y sus extravagantes flores, capturan el esp\u00edritu so\u00f1ador de una noche de verano. Un momento para bailar bajo las estrellas... para la luz de la luna, la m\u00fasica y el romanticismo. Env\u00eda una de estas palomas por correo y transportar\u00e1s al afortunado destinatario a un mundo encantado.<\/p>\n<p><em>6 palomas por paquete, cada una con un dise\u00f1o diferente.<\/em><\/p>","protected":false},"excerpt":{"rendered":"<p>Hay algo m\u00e1gico en un jard\u00edn a medianoche. Env\u00ede una de estas palomas por correo y transportar\u00e1 al afortunado destinatario a un mundo encantado.<\/p>","protected":false},"featured_media":21931,"template":"","meta":{"_acf_changed":false},"product_brand":[],"product_cat":[23],"product_tag":[],"class_list":{"0":"post-11393","1":"product","2":"type-product","3":"status-publish","4":"has-post-thumbnail","6":"product_cat-pigeons","7":"sales-flash-overlay","8":"woocommerce-text-align-center","9":"woocommerce-image-align-center","10":"do-quantity-buttons","11":"wc-has-gallery","13":"first","14":"instock","15":"taxable","16":"shipping-taxable","17":"purchasable","18":"product-type-simple"},"acf":[],"aioseo_notices":[],"jetpack_sharing_enabled":true,"_links":{"self":[{"href":"https:\/\/pigeonposted.com\/es\/wp-json\/wp\/v2\/product\/11393","targetHints":{"allow":["GET"]}}],"collection":[{"href":"https:\/\/pigeonposted.com\/es\/wp-json\/wp\/v2\/product"}],"about":[{"href":"https:\/\/pigeonposted.com\/es\/wp-json\/wp\/v2\/types\/product"}],"wp:featuredmedia":[{"embeddable":true,"href":"https:\/\/pigeonposted.com\/es\/wp-json\/wp\/v2\/media\/21931"}],"wp:attachment":[{"href":"https:\/\/pigeonposted.com\/es\/wp-json\/wp\/v2\/media?parent=11393"}],"wp:term":[{"taxonomy":"product_brand","embeddable":true,"href":"https:\/\/pigeonposted.com\/es\/wp-json\/wp\/v2\/product_brand?post=11393"},{"taxonomy":"product_cat","embeddable":true,"href":"https:\/\/pigeonposted.com\/es\/wp-json\/wp\/v2\/product_cat?post=11393"},{"taxonomy":"product_tag","embeddable":true,"href":"https:\/\/pigeonposted.com\/es\/wp-json\/wp\/v2\/product_tag?post=11393"}],"curies":[{"name":"wp","href":"https:\/\/api.w.org\/{rel}","templated":true}]}}