{"id":23133,"date":"2026-04-24T15:30:50","date_gmt":"2026-04-24T14:30:50","guid":{"rendered":"https:\/\/pigeonposted.com\/?post_type=product&#038;p=23133"},"modified":"2026-04-24T15:50:36","modified_gmt":"2026-04-24T14:50:36","slug":"goldflugtaube","status":"publish","type":"product","link":"https:\/\/pigeonposted.com\/de\/product\/golden-flight-pigeon\/","title":{"rendered":"Goldflugtaube"},"content":{"rendered":"<p>Die K\u00fcnstlerin Jackie Morris hat diese wunderbar filigranen Gem\u00e4lde geschaffen, auf denen Blattgold im Licht schimmert, um unsere Aufmerksamkeit auf die heilige Sch\u00f6nheit dieser V\u00f6gel zu lenken und ihren Platz in der nat\u00fcrlichen Welt zu ehren. \u00d6ffnen Sie Ihre Fenster und lauschen Sie auf ihren Gesang, w\u00e4hrend Sie jemandem schreiben, den Sie sehr sch\u00e4tzen. Dann verschicken Sie es und lassen Sie es fliegen.<\/p>\n<p><em>6 Tauben pro Packung - 2 von jeder der 3 Abbildungen (Stieglitz, Schwalbe und Schwanzmeise)<\/em><\/p>","protected":false},"excerpt":{"rendered":"<p>Die K\u00fcnstlerin Jackie Morris hat diese wundervollen, filigranen Gem\u00e4lde geschaffen, auf denen Blattgold im Licht schimmert und unsere Aufmerksamkeit auf diese heiligen Sch\u00f6nheiten lenkt. \u00d6ffnen Sie Ihre Fenster und lauschen Sie ihrem Gesang, wenn Sie jemandem schreiben, der Ihnen am Herzen liegt.<\/p>","protected":false},"featured_media":23141,"template":"","meta":{"_acf_changed":false},"product_brand":[],"product_cat":[23],"product_tag":[],"class_list":{"0":"post-23133","1":"product","2":"type-product","3":"status-publish","4":"has-post-thumbnail","6":"product_cat-pigeons","7":"sales-flash-overlay","8":"woocommerce-text-align-center","9":"woocommerce-image-align-center","10":"do-quantity-buttons","11":"wc-has-gallery","13":"first","14":"instock","15":"taxable","16":"shipping-taxable","17":"purchasable","18":"product-type-simple"},"acf":[],"aioseo_notices":[],"jetpack_sharing_enabled":true,"_links":{"self":[{"href":"https:\/\/pigeonposted.com\/de\/wp-json\/wp\/v2\/product\/23133","targetHints":{"allow":["GET"]}}],"collection":[{"href":"https:\/\/pigeonposted.com\/de\/wp-json\/wp\/v2\/product"}],"about":[{"href":"https:\/\/pigeonposted.com\/de\/wp-json\/wp\/v2\/types\/product"}],"wp:featuredmedia":[{"embeddable":true,"href":"https:\/\/pigeonposted.com\/de\/wp-json\/wp\/v2\/media\/23141"}],"wp:attachment":[{"href":"https:\/\/pigeonposted.com\/de\/wp-json\/wp\/v2\/media?parent=23133"}],"wp:term":[{"taxonomy":"product_brand","embeddable":true,"href":"https:\/\/pigeonposted.com\/de\/wp-json\/wp\/v2\/product_brand?post=23133"},{"taxonomy":"product_cat","embeddable":true,"href":"https:\/\/pigeonposted.com\/de\/wp-json\/wp\/v2\/product_cat?post=23133"},{"taxonomy":"product_tag","embeddable":true,"href":"https:\/\/pigeonposted.com\/de\/wp-json\/wp\/v2\/product_tag?post=23133"}],"curies":[{"name":"wp","href":"https:\/\/api.w.org\/{rel}","templated":true}]}}