{"id":19742,"date":"2024-10-21T13:42:36","date_gmt":"2024-10-21T12:42:36","guid":{"rendered":"https:\/\/pigeonposted.com\/?post_type=product&#038;p=19742"},"modified":"2026-05-01T13:27:45","modified_gmt":"2026-05-01T12:27:45","slug":"handabgabemarken-fur-brieftauben","status":"publish","type":"product","link":"https:\/\/pigeonposted.com\/de\/product\/hand-delivery-stamps-for-hop-on-board-pigeons\/","title":{"rendered":"Briefmarken f\u00fcr die Handzustellung <span>(Hop on Board Pigeon themed)<\/span>"},"content":{"rendered":"<p>Diese Briefmarken sind f\u00fcr den Fall gedacht, dass du einem Freund eine Taube \u00fcberreichen m\u00f6chtest. Sie wurden passend zu den <a href=\"https:\/\/pigeonposted.com\/de\/produkt\/auf-die-taube-aufspringen\/\">Hop on Board Kinderpackung mit Tauben<\/a>Sie werden in einer praktischen 6er-Packung geliefert, jede mit einem anderen Design und einer anderen Farbe.<\/p>\n<p>F\u00fcr den Kauf <em>mit<\/em> Tauben (nicht separat erh\u00e4ltlich).<\/p>\n<p>(NICHT f\u00fcr den Versand \u00fcber Royal Mail, USPS oder andere nationale Transportunternehmen).<\/p>","protected":false},"excerpt":{"rendered":"<p>These stamps are for when you want to hand-deliver a Pigeon to a friend. They&#8217;ve been designed to go with the Hop on Board Kid&#8217;s pack of Pigeons, (but feel free to use them with any of our designs!) They come in a handy pack of 6, each a different design and col0ur. For purchasing &#8230; <a title=\"Handzustellungsmarken (Hop on Board Pigeon thematisiert)\" class=\"read-more\" href=\"https:\/\/pigeonposted.com\/de\/product\/hand-delivery-stamps-for-hop-on-board-pigeons\/\" aria-label=\"Mehr Informationen \u00fcber Hand-delivery stamps (Hop on Board Pigeon themed)\">Weiterlesen<\/a><\/p>","protected":false},"featured_media":19771,"template":"","meta":{"_acf_changed":false},"product_brand":[],"product_cat":[26],"product_tag":[],"class_list":{"0":"post-19742","1":"product","2":"type-product","3":"status-publish","4":"has-post-thumbnail","6":"product_cat-stamps","7":"sales-flash-overlay","8":"woocommerce-text-align-center","9":"woocommerce-image-align-center","10":"do-quantity-buttons","12":"first","13":"instock","14":"taxable","15":"shipping-taxable","16":"purchasable","17":"product-type-simple"},"acf":[],"aioseo_notices":[],"jetpack_sharing_enabled":true,"_links":{"self":[{"href":"https:\/\/pigeonposted.com\/de\/wp-json\/wp\/v2\/product\/19742","targetHints":{"allow":["GET"]}}],"collection":[{"href":"https:\/\/pigeonposted.com\/de\/wp-json\/wp\/v2\/product"}],"about":[{"href":"https:\/\/pigeonposted.com\/de\/wp-json\/wp\/v2\/types\/product"}],"wp:featuredmedia":[{"embeddable":true,"href":"https:\/\/pigeonposted.com\/de\/wp-json\/wp\/v2\/media\/19771"}],"wp:attachment":[{"href":"https:\/\/pigeonposted.com\/de\/wp-json\/wp\/v2\/media?parent=19742"}],"wp:term":[{"taxonomy":"product_brand","embeddable":true,"href":"https:\/\/pigeonposted.com\/de\/wp-json\/wp\/v2\/product_brand?post=19742"},{"taxonomy":"product_cat","embeddable":true,"href":"https:\/\/pigeonposted.com\/de\/wp-json\/wp\/v2\/product_cat?post=19742"},{"taxonomy":"product_tag","embeddable":true,"href":"https:\/\/pigeonposted.com\/de\/wp-json\/wp\/v2\/product_tag?post=19742"}],"curies":[{"name":"wp","href":"https:\/\/api.w.org\/{rel}","templated":true}]}}