{"id":17431,"date":"2023-12-09T12:27:42","date_gmt":"2023-12-09T12:27:42","guid":{"rendered":"https:\/\/pigeonposted.com\/?post_type=product&#038;p=17431"},"modified":"2025-11-17T14:54:48","modified_gmt":"2025-11-17T14:54:48","slug":"helle-und-schone-taube","status":"publish","type":"product","link":"https:\/\/pigeonposted.com\/de\/product\/bright-and-beautiful-pigeon\/","title":{"rendered":"Bright &amp; Beautiful Pigeon"},"content":{"rendered":"<p>Ob es die V\u00f6gel sind, die in der Morgend\u00e4mmerung singen, die Bienen, die tags\u00fcber die Blumen best\u00e4uben, oder die Sterne, die nachts ihren Glanz entfalten - die Natur ist voll von leuchtenden und sch\u00f6nen Dingen. Diese herrlichen Drucke aus dem Atelier der amerikanischen K\u00fcnstlerin und Illustratorin Nina Pace fangen die bezaubernden Muster von Bl\u00fctenbl\u00e4ttern und Pflanzen ein. Schicken Sie einen davon mit der Post und machen Sie Ihren Lieben eine Freude.<\/p>\n<p><em>6 Pigeons pro Packung - alle unterschiedlich.<\/em><\/p>","protected":false},"excerpt":{"rendered":"<p>Von V\u00f6geln, die sich die Seele aus dem Leib singen, \u00fcber Bienen und Blumen bis hin zu den Sternen, die nachts leuchten - die Natur ist voll von leuchtenden und sch\u00f6nen Dingen. Schicken Sie eine dieser Sch\u00f6nheiten mit der Post, um den Tag eines geliebten Menschen zu versch\u00f6nern.<\/p>","protected":false},"featured_media":21846,"template":"","meta":{"_acf_changed":false},"product_brand":[],"product_cat":[23],"product_tag":[],"class_list":{"0":"post-17431","1":"product","2":"type-product","3":"status-publish","4":"has-post-thumbnail","6":"product_cat-pigeons","7":"sales-flash-overlay","8":"woocommerce-text-align-center","9":"woocommerce-image-align-center","10":"do-quantity-buttons","11":"wc-has-gallery","13":"first","14":"instock","15":"taxable","16":"shipping-taxable","17":"purchasable","18":"product-type-simple"},"acf":[],"aioseo_notices":[],"jetpack_sharing_enabled":true,"_links":{"self":[{"href":"https:\/\/pigeonposted.com\/de\/wp-json\/wp\/v2\/product\/17431","targetHints":{"allow":["GET"]}}],"collection":[{"href":"https:\/\/pigeonposted.com\/de\/wp-json\/wp\/v2\/product"}],"about":[{"href":"https:\/\/pigeonposted.com\/de\/wp-json\/wp\/v2\/types\/product"}],"wp:featuredmedia":[{"embeddable":true,"href":"https:\/\/pigeonposted.com\/de\/wp-json\/wp\/v2\/media\/21846"}],"wp:attachment":[{"href":"https:\/\/pigeonposted.com\/de\/wp-json\/wp\/v2\/media?parent=17431"}],"wp:term":[{"taxonomy":"product_brand","embeddable":true,"href":"https:\/\/pigeonposted.com\/de\/wp-json\/wp\/v2\/product_brand?post=17431"},{"taxonomy":"product_cat","embeddable":true,"href":"https:\/\/pigeonposted.com\/de\/wp-json\/wp\/v2\/product_cat?post=17431"},{"taxonomy":"product_tag","embeddable":true,"href":"https:\/\/pigeonposted.com\/de\/wp-json\/wp\/v2\/product_tag?post=17431"}],"curies":[{"name":"wp","href":"https:\/\/api.w.org\/{rel}","templated":true}]}}