{"id":23133,"date":"2026-04-24T15:30:50","date_gmt":"2026-04-24T14:30:50","guid":{"rendered":"https:\/\/pigeonposted.com\/?post_type=product&#038;p=23133"},"modified":"2026-04-24T15:50:36","modified_gmt":"2026-04-24T14:50:36","slug":"gylden-flyvedue","status":"publish","type":"product","link":"https:\/\/pigeonposted.com\/da\/product\/golden-flight-pigeon\/","title":{"rendered":"Golden Flight Pigeon"},"content":{"rendered":"<p>Kunstneren Jackie Morris har skabt disse vidunderligt indviklede malerier, hvor bladguld skinner i lyset og henleder vores opm\u00e6rksomhed p\u00e5 disse fugles hellige sk\u00f8nhed og \u00e6rer deres plads i den naturlige verden. \u00c5bn dine vinduer, og lyt til deres sang, mens du skriver til en, du holder af. Post det s\u00e5, og lad det flyve.<\/p>\n<p><em>6 duer pr. pakke - 2 af hver af de 3 illustrationer (bogfinke, svale og halemejse)<\/em><\/p>","protected":false},"excerpt":{"rendered":"<p>Kunstneren Jackie Morris har skabt disse vidunderligt indviklede malerier, hvor bladguld skinner i lyset og henleder vores opm\u00e6rksomhed p\u00e5 disse hellige sk\u00f8nheder. \u00c5bn dine vinduer, og lyt til deres sang, mens du skriver til en, du holder af.<\/p>","protected":false},"featured_media":23141,"template":"","meta":{"_acf_changed":false},"product_brand":[],"product_cat":[23],"product_tag":[],"class_list":{"0":"post-23133","1":"product","2":"type-product","3":"status-publish","4":"has-post-thumbnail","6":"product_cat-pigeons","7":"sales-flash-overlay","8":"woocommerce-text-align-center","9":"woocommerce-image-align-center","10":"do-quantity-buttons","11":"wc-has-gallery","13":"first","14":"instock","15":"taxable","16":"shipping-taxable","17":"purchasable","18":"product-type-simple"},"acf":[],"aioseo_notices":[],"jetpack_sharing_enabled":true,"_links":{"self":[{"href":"https:\/\/pigeonposted.com\/da\/wp-json\/wp\/v2\/product\/23133","targetHints":{"allow":["GET"]}}],"collection":[{"href":"https:\/\/pigeonposted.com\/da\/wp-json\/wp\/v2\/product"}],"about":[{"href":"https:\/\/pigeonposted.com\/da\/wp-json\/wp\/v2\/types\/product"}],"wp:featuredmedia":[{"embeddable":true,"href":"https:\/\/pigeonposted.com\/da\/wp-json\/wp\/v2\/media\/23141"}],"wp:attachment":[{"href":"https:\/\/pigeonposted.com\/da\/wp-json\/wp\/v2\/media?parent=23133"}],"wp:term":[{"taxonomy":"product_brand","embeddable":true,"href":"https:\/\/pigeonposted.com\/da\/wp-json\/wp\/v2\/product_brand?post=23133"},{"taxonomy":"product_cat","embeddable":true,"href":"https:\/\/pigeonposted.com\/da\/wp-json\/wp\/v2\/product_cat?post=23133"},{"taxonomy":"product_tag","embeddable":true,"href":"https:\/\/pigeonposted.com\/da\/wp-json\/wp\/v2\/product_tag?post=23133"}],"curies":[{"name":"wp","href":"https:\/\/api.w.org\/{rel}","templated":true}]}}