{"id":15673,"date":"2022-10-21T15:51:59","date_gmt":"2022-10-21T14:51:59","guid":{"rendered":"https:\/\/pigeonposted.com\/?post_type=product&#038;p=15673"},"modified":"2025-11-17T15:35:57","modified_gmt":"2025-11-17T15:35:57","slug":"apotekerduer","status":"publish","type":"product","link":"https:\/\/pigeonposted.com\/da\/product\/apothecary-pigeons\/","title":{"rendered":"Apothecary Pigeons"},"content":{"rendered":"<p>Bregne, \u00e6rlighed, troldhassel ... disse medicinske vidundere er blevet plukket i kunstnerens baghave, badet i det varme sk\u00e6r fra blidt sollys og fanget p\u00e5 tryk som dybbl\u00e5 cyanotyper. Et kreativt samarbejde med den britiske kunstner Jake Lever - vi er meget begejstrede for disse botaniske sk\u00f8nheder. <a href=\"https:\/\/pigeonposted.com\/da\/helbredende-balsam-for-sjaelen\/\" target=\"_blank\" rel=\"noopener\">helbredende balsam for sj\u00e6len<\/a>. Send en for at vise, hvor meget du holder af den.<\/p>\n<p><em>6 duer pr. pakke - 3 par med 3 forskellige designs.<\/em><\/p>","protected":false},"excerpt":{"rendered":"<p>Bregne, \u00e6rlighed, troldhassel - disse botaniske sk\u00f8nheder er en helende balsam for sj\u00e6len. Send en for at vise, hvor meget du holder af dem.<\/p>","protected":false},"featured_media":21900,"template":"","meta":{"_acf_changed":false},"product_brand":[],"product_cat":[23],"product_tag":[],"class_list":{"0":"post-15673","1":"product","2":"type-product","3":"status-publish","4":"has-post-thumbnail","6":"product_cat-pigeons","7":"sales-flash-overlay","8":"woocommerce-text-align-center","9":"woocommerce-image-align-center","10":"do-quantity-buttons","11":"wc-has-gallery","13":"first","14":"instock","15":"taxable","16":"shipping-taxable","17":"purchasable","18":"product-type-simple"},"acf":[],"aioseo_notices":[],"jetpack_sharing_enabled":true,"_links":{"self":[{"href":"https:\/\/pigeonposted.com\/da\/wp-json\/wp\/v2\/product\/15673","targetHints":{"allow":["GET"]}}],"collection":[{"href":"https:\/\/pigeonposted.com\/da\/wp-json\/wp\/v2\/product"}],"about":[{"href":"https:\/\/pigeonposted.com\/da\/wp-json\/wp\/v2\/types\/product"}],"wp:featuredmedia":[{"embeddable":true,"href":"https:\/\/pigeonposted.com\/da\/wp-json\/wp\/v2\/media\/21900"}],"wp:attachment":[{"href":"https:\/\/pigeonposted.com\/da\/wp-json\/wp\/v2\/media?parent=15673"}],"wp:term":[{"taxonomy":"product_brand","embeddable":true,"href":"https:\/\/pigeonposted.com\/da\/wp-json\/wp\/v2\/product_brand?post=15673"},{"taxonomy":"product_cat","embeddable":true,"href":"https:\/\/pigeonposted.com\/da\/wp-json\/wp\/v2\/product_cat?post=15673"},{"taxonomy":"product_tag","embeddable":true,"href":"https:\/\/pigeonposted.com\/da\/wp-json\/wp\/v2\/product_tag?post=15673"}],"curies":[{"name":"wp","href":"https:\/\/api.w.org\/{rel}","templated":true}]}}