{"id":15076,"date":"2022-03-28T19:42:38","date_gmt":"2022-03-28T18:42:38","guid":{"rendered":"https:\/\/pigeonposted.com\/?post_type=product&#038;p=15076"},"modified":"2025-11-17T15:31:36","modified_gmt":"2025-11-17T15:31:36","slug":"hebraeiske-duer","status":"publish","type":"product","link":"https:\/\/pigeonposted.com\/da\/product\/hebridean-pigeons\/","title":{"rendered":"Hebridean Pigeons"},"content":{"rendered":"<p>Den skotsk-baserede grafiker Lisa Hooper har med gl\u00e6de indfanget den enkle elegance og de sl\u00e5ende former hos strandskader, storspover og hjejler mod de blide nuancer i deres kystn\u00e6re levesteder. Hebridean Pigeon er inspireret af vidunderlige familieferier p\u00e5 \u00f8en Tiree og hylder det skotske \u00f8-dyrelivs vidundere og vadefugle og bringer en \"lille\" smule af Hebriderne til dit eget ildsted og hjem.<\/p>\n<p><em>6 duer pr. pakke - hver i et forskelligt design.<\/em><\/p>","protected":false},"excerpt":{"rendered":"<p>En hyldest til de skotske \u00f8ers dyrelivs vidundere og vadefugle og til at bringe en lille smule af Hebriderne til dit eget hjem.<\/p>","protected":false},"featured_media":21892,"template":"","meta":{"_acf_changed":false},"product_brand":[],"product_cat":[23],"product_tag":[],"class_list":{"0":"post-15076","1":"product","2":"type-product","3":"status-publish","4":"has-post-thumbnail","6":"product_cat-pigeons","7":"sales-flash-overlay","8":"woocommerce-text-align-center","9":"woocommerce-image-align-center","10":"do-quantity-buttons","11":"wc-has-gallery","13":"first","14":"instock","15":"taxable","16":"shipping-taxable","17":"purchasable","18":"product-type-simple"},"acf":[],"aioseo_notices":[],"jetpack_sharing_enabled":true,"_links":{"self":[{"href":"https:\/\/pigeonposted.com\/da\/wp-json\/wp\/v2\/product\/15076","targetHints":{"allow":["GET"]}}],"collection":[{"href":"https:\/\/pigeonposted.com\/da\/wp-json\/wp\/v2\/product"}],"about":[{"href":"https:\/\/pigeonposted.com\/da\/wp-json\/wp\/v2\/types\/product"}],"wp:featuredmedia":[{"embeddable":true,"href":"https:\/\/pigeonposted.com\/da\/wp-json\/wp\/v2\/media\/21892"}],"wp:attachment":[{"href":"https:\/\/pigeonposted.com\/da\/wp-json\/wp\/v2\/media?parent=15076"}],"wp:term":[{"taxonomy":"product_brand","embeddable":true,"href":"https:\/\/pigeonposted.com\/da\/wp-json\/wp\/v2\/product_brand?post=15076"},{"taxonomy":"product_cat","embeddable":true,"href":"https:\/\/pigeonposted.com\/da\/wp-json\/wp\/v2\/product_cat?post=15076"},{"taxonomy":"product_tag","embeddable":true,"href":"https:\/\/pigeonposted.com\/da\/wp-json\/wp\/v2\/product_tag?post=15076"}],"curies":[{"name":"wp","href":"https:\/\/api.w.org\/{rel}","templated":true}]}}